{"id":96310,"date":"2022-08-12T08:31:49","date_gmt":"2022-08-12T08:31:49","guid":{"rendered":"https:\/\/aprimariavsg.com\/cartera-de-servicios\/trabajo-social\/"},"modified":"2022-11-15T08:27:04","modified_gmt":"2022-11-15T08:27:04","slug":"trabajo-social","status":"publish","type":"page","link":"https:\/\/aprimariavsg.com\/es\/tu-cap\/cartera-de-servicios\/trabajo-social\/","title":{"rendered":"Trabajo social"},"content":{"rendered":"\t\t<div data-elementor-type=\"wp-page\" data-elementor-id=\"96310\" class=\"elementor elementor-96310\" data-elementor-post-type=\"page\">\n\t\t\t\t\t\t<section class=\"elementor-section elementor-top-section elementor-element elementor-element-f3f908a elementor-section-height-min-height elementor-section-items-bottom elementor-section-boxed elementor-section-height-default\" data-id=\"f3f908a\" data-element_type=\"section\" data-e-type=\"section\" data-settings=\"{&quot;background_background&quot;:&quot;classic&quot;,&quot;shape_divider_bottom&quot;:&quot;curve&quot;,&quot;shape_divider_bottom_negative&quot;:&quot;yes&quot;}\">\n\t\t\t\t\t\t\t<div class=\"elementor-background-overlay\"><\/div>\n\t\t\t\t\t\t<div class=\"elementor-shape elementor-shape-bottom\" aria-hidden=\"true\" data-negative=\"true\">\n\t\t\t<svg xmlns=\"http:\/\/www.w3.org\/2000\/svg\" viewBox=\"0 0 1000 100\" preserveAspectRatio=\"none\">\n\t<path class=\"elementor-shape-fill\" d=\"M500,97C126.7,96.3,0.8,19.8,0,0v100l1000,0V1C1000,19.4,873.3,97.8,500,97z\"\/>\n<\/svg>\t\t<\/div>\n\t\t\t\t\t<div class=\"elementor-container elementor-column-gap-default\">\n\t\t\t\t\t<div class=\"elementor-column elementor-col-100 elementor-top-column elementor-element elementor-element-b4a31f5\" data-id=\"b4a31f5\" data-element_type=\"column\" data-e-type=\"column\">\n\t\t\t<div class=\"elementor-widget-wrap\">\n\t\t\t\t\t\t\t<\/div>\n\t\t<\/div>\n\t\t\t\t\t<\/div>\n\t\t<\/section>\n\t\t\t\t<section class=\"elementor-section elementor-top-section elementor-element elementor-element-251a3fe elementor-section-boxed elementor-section-height-default elementor-section-height-default\" data-id=\"251a3fe\" data-element_type=\"section\" data-e-type=\"section\" data-settings=\"{&quot;background_background&quot;:&quot;classic&quot;}\">\n\t\t\t\t\t\t<div class=\"elementor-container elementor-column-gap-no\">\n\t\t\t\t\t<div class=\"elementor-column elementor-col-100 elementor-top-column elementor-element elementor-element-ff004c5\" data-id=\"ff004c5\" data-element_type=\"column\" data-e-type=\"column\">\n\t\t\t<div class=\"elementor-widget-wrap elementor-element-populated\">\n\t\t\t\t\t\t<div class=\"elementor-element elementor-element-7efaaf4 elementor-widget elementor-widget-heading\" data-id=\"7efaaf4\" data-element_type=\"widget\" data-e-type=\"widget\" data-widget_type=\"heading.default\">\n\t\t\t\t<div class=\"elementor-widget-container\">\n\t\t\t\t\t<h6 class=\"elementor-heading-title elementor-size-default\">Cartera de servicios<\/h6>\t\t\t\t<\/div>\n\t\t\t\t<\/div>\n\t\t\t\t<div class=\"elementor-element elementor-element-5fc397b elementor-widget elementor-widget-heading\" data-id=\"5fc397b\" data-element_type=\"widget\" data-e-type=\"widget\" data-widget_type=\"heading.default\">\n\t\t\t\t<div class=\"elementor-widget-container\">\n\t\t\t\t\t<h2 class=\"elementor-heading-title elementor-size-default\">Trabajo social<\/h2>\t\t\t\t<\/div>\n\t\t\t\t<\/div>\n\t\t\t\t<div class=\"elementor-element elementor-element-7cdf40b elementor-widget__width-initial e-transform elementor-widget-divider--view-line elementor-widget elementor-widget-divider\" data-id=\"7cdf40b\" data-element_type=\"widget\" data-e-type=\"widget\" data-settings=\"{&quot;_transform_rotateZ_effect&quot;:{&quot;unit&quot;:&quot;px&quot;,&quot;size&quot;:-90,&quot;sizes&quot;:[]},&quot;_transform_rotateZ_effect_tablet&quot;:{&quot;unit&quot;:&quot;deg&quot;,&quot;size&quot;:&quot;&quot;,&quot;sizes&quot;:[]},&quot;_transform_rotateZ_effect_mobile&quot;:{&quot;unit&quot;:&quot;deg&quot;,&quot;size&quot;:&quot;&quot;,&quot;sizes&quot;:[]}}\" data-widget_type=\"divider.default\">\n\t\t\t\t<div class=\"elementor-widget-container\">\n\t\t\t\t\t\t\t<div class=\"elementor-divider\">\n\t\t\t<span class=\"elementor-divider-separator\">\n\t\t\t\t\t\t<\/span>\n\t\t<\/div>\n\t\t\t\t\t\t<\/div>\n\t\t\t\t<\/div>\n\t\t\t\t<div class=\"elementor-element elementor-element-fe4897b elementor-widget__width-inherit elementor-widget elementor-widget-heading\" data-id=\"fe4897b\" data-element_type=\"widget\" data-e-type=\"widget\" data-widget_type=\"heading.default\">\n\t\t\t\t<div class=\"elementor-widget-container\">\n\t\t\t\t\t<div class=\"elementor-heading-title elementor-size-default\">Al igual que el resto de profesionales del centro, realiza visitas programadas y domiciliarias y trabaja en coordinaci\u00f3n con todo el equipo sanitario de cara a las tareas propias de su \u00e1mbito:<\/div>\t\t\t\t<\/div>\n\t\t\t\t<\/div>\n\t\t\t\t<section class=\"elementor-section elementor-inner-section elementor-element elementor-element-90a2e02 elementor-section-boxed elementor-section-height-default elementor-section-height-default\" data-id=\"90a2e02\" data-element_type=\"section\" data-e-type=\"section\">\n\t\t\t\t\t\t<div class=\"elementor-container elementor-column-gap-default\">\n\t\t\t\t\t<div class=\"elementor-column elementor-col-50 elementor-inner-column elementor-element elementor-element-4c91084\" data-id=\"4c91084\" data-element_type=\"column\" data-e-type=\"column\">\n\t\t\t<div class=\"elementor-widget-wrap elementor-element-populated\">\n\t\t\t\t\t\t<div class=\"elementor-element elementor-element-4f15c32 elementor-widget-mobile__width-inherit elementor-widget elementor-widget-text-editor\" data-id=\"4f15c32\" data-element_type=\"widget\" data-e-type=\"widget\" data-widget_type=\"text-editor.default\">\n\t\t\t\t<div class=\"elementor-widget-container\">\n\t\t\t\t\t\t\t\t\t<div><ul><li>Valoraci\u00f3n del riesgo social.<\/li><li>Asesoramiento sobre recursos sociales, sanitarios, psicol\u00f3gicos y jur\u00eddicos.<\/li><li>Abordaje de los problemas sociales tanto en el centro como en domicilio y apoyo a paciente y a la persona cuidadora.<\/li><li>Proporcionar atenci\u00f3n preventiva, asistencial y de reinserci\u00f3n social tanto en consulta espont\u00e1nea como programada a aquellas familias o personas con problemas sociales que influyan directa o indirectamente en la salud.<\/li><li style=\"font-size: 16px;\"><span style=\"font-style: inherit; font-weight: inherit; font-family: var( --e-global-typography-text-font-family ), Sans-serif; letter-spacing: var( --e-global-typography-text-letter-spacing ); text-transform: var( --e-global-typography-text-text-transform ); background-color: var( --e-global-color-fe87189 ); color: var( --e-global-color-text );\">Promoci\u00f3n y participaci\u00f3n en la evaluaci\u00f3n de los aspectos culturales, socioecon\u00f3micos y de riesgo sociosanitario de la poblaci\u00f3n asignada al EAP.<\/span><\/li><li style=\"font-size: 16px;\">Participaci\u00f3n en programas de salud.<\/li><li style=\"font-size: 16px;\">Velar por que el EAP integre los aspectos relacionados con la reinserci\u00f3n social en la atenci\u00f3n a la poblaci\u00f3n.<\/li><\/ul><\/div>\t\t\t\t\t\t\t\t<\/div>\n\t\t\t\t<\/div>\n\t\t\t\t\t<\/div>\n\t\t<\/div>\n\t\t\t\t<div class=\"elementor-column elementor-col-50 elementor-inner-column elementor-element elementor-element-7cb7c15\" data-id=\"7cb7c15\" data-element_type=\"column\" data-e-type=\"column\">\n\t\t\t<div class=\"elementor-widget-wrap elementor-element-populated\">\n\t\t\t\t\t\t<div class=\"elementor-element elementor-element-3dd996d elementor-widget-mobile__width-inherit elementor-widget elementor-widget-text-editor\" data-id=\"3dd996d\" data-element_type=\"widget\" data-e-type=\"widget\" data-widget_type=\"text-editor.default\">\n\t\t\t\t<div class=\"elementor-widget-container\">\n\t\t\t\t\t\t\t\t\t<div><ul><li style=\"font-size: 16px;\">Informaci\u00f3n y asesoramiento sobre los recursos sociales.<\/li><li style=\"font-size: 16px;\">Diagn\u00f3stico social y elaboraci\u00f3n de un plan de intervenci\u00f3n y trabajo centrado en la persona.<\/li><li style=\"font-size: 16px;\">Asesoramiento, contenci\u00f3n y soporte en situaciones relacionadas con la violencia de g\u00e9nero o agresiones; as\u00ed como derivaciones de urgencia en los servicios especializados y posterior seguimiento.<\/li><li style=\"font-size: 16px;\">Contenci\u00f3n y apoyo en situaciones sociales complejas y que requieren adaptaci\u00f3n a una nueva situaci\u00f3n, tratando de promocionar la autonom\u00eda personal y proporcionar herramientas propias.<\/li><li style=\"font-size: 16px;\">Prescripci\u00f3n de actividades comunitarias, terap\u00e9uticas y educativas.<\/li><\/ul><\/div>\t\t\t\t\t\t\t\t<\/div>\n\t\t\t\t<\/div>\n\t\t\t\t\t<\/div>\n\t\t<\/div>\n\t\t\t\t\t<\/div>\n\t\t<\/section>\n\t\t\t\t\t<\/div>\n\t\t<\/div>\n\t\t\t\t\t<\/div>\n\t\t<\/section>\n\t\t\t\t<\/div>\n\t\t","protected":false},"excerpt":{"rendered":"<p>Cartera de servicios Trabajo social Al igual que el resto de profesionales del centro, realiza visitas programadas y domiciliarias y trabaja en coordinaci\u00f3n con todo el equipo sanitario de cara a las tareas propias de su \u00e1mbito: Valoraci\u00f3n del riesgo social. Asesoramiento sobre recursos sociales, sanitarios, psicol\u00f3gicos y jur\u00eddicos. Abordaje de los problemas sociales tanto [&hellip;]<\/p>\n","protected":false},"author":1,"featured_media":0,"parent":95711,"menu_order":7,"comment_status":"closed","ping_status":"closed","template":"elementor_header_footer","meta":{"site-sidebar-layout":"no-sidebar","site-content-layout":"page-builder","ast-site-content-layout":"default","site-content-style":"default","site-sidebar-style":"default","ast-global-header-display":"","ast-banner-title-visibility":"","ast-main-header-display":"","ast-hfb-above-header-display":"","ast-hfb-below-header-display":"","ast-hfb-mobile-header-display":"","site-post-title":"disabled","ast-breadcrumbs-content":"","ast-featured-img":"disabled","footer-sml-layout":"","ast-disable-related-posts":"","theme-transparent-header-meta":"","adv-header-id-meta":"","stick-header-meta":"","header-above-stick-meta":"","header-main-stick-meta":"","header-below-stick-meta":"","astra-migrate-meta-layouts":"default","ast-page-background-enabled":"default","ast-page-background-meta":{"desktop":{"background-color":"","background-image":"","background-repeat":"repeat","background-position":"center center","background-size":"auto","background-attachment":"scroll","background-type":"","background-media":"","overlay-type":"","overlay-color":"","overlay-opacity":"","overlay-gradient":""},"tablet":{"background-color":"","background-image":"","background-repeat":"repeat","background-position":"center center","background-size":"auto","background-attachment":"scroll","background-type":"","background-media":"","overlay-type":"","overlay-color":"","overlay-opacity":"","overlay-gradient":""},"mobile":{"background-color":"","background-image":"","background-repeat":"repeat","background-position":"center center","background-size":"auto","background-attachment":"scroll","background-type":"","background-media":"","overlay-type":"","overlay-color":"","overlay-opacity":"","overlay-gradient":""}},"ast-content-background-meta":{"desktop":{"background-color":"var(--ast-global-color-5)","background-image":"","background-repeat":"repeat","background-position":"center center","background-size":"auto","background-attachment":"scroll","background-type":"","background-media":"","overlay-type":"","overlay-color":"","overlay-opacity":"","overlay-gradient":""},"tablet":{"background-color":"var(--ast-global-color-5)","background-image":"","background-repeat":"repeat","background-position":"center center","background-size":"auto","background-attachment":"scroll","background-type":"","background-media":"","overlay-type":"","overlay-color":"","overlay-opacity":"","overlay-gradient":""},"mobile":{"background-color":"var(--ast-global-color-5)","background-image":"","background-repeat":"repeat","background-position":"center center","background-size":"auto","background-attachment":"scroll","background-type":"","background-media":"","overlay-type":"","overlay-color":"","overlay-opacity":"","overlay-gradient":""}},"footnotes":""},"class_list":["post-96310","page","type-page","status-publish","hentry"],"yoast_head":"<!-- This site is optimized with the Yoast SEO plugin v27.3 - https:\/\/yoast.com\/product\/yoast-seo-wordpress\/ -->\n<title>Trabajo social - Atenci\u00f3 Prim\u00e0ria Vallcarca - Sant Gervasi<\/title>\n<meta name=\"robots\" content=\"index, follow, max-snippet:-1, max-image-preview:large, max-video-preview:-1\" \/>\n<link rel=\"canonical\" href=\"https:\/\/aprimariavsg.com\/el-teu-cap\/cartera-de-serveis\/treball-social\/\" \/>\n<meta property=\"og:locale\" content=\"es_ES\" \/>\n<meta property=\"og:type\" content=\"article\" \/>\n<meta property=\"og:title\" content=\"Trabajo social - Atenci\u00f3 Prim\u00e0ria Vallcarca - Sant Gervasi\" \/>\n<meta property=\"og:description\" content=\"Cartera de servicios Trabajo social Al igual que el resto de profesionales del centro, realiza visitas programadas y domiciliarias y trabaja en coordinaci\u00f3n con todo el equipo sanitario de cara a las tareas propias de su \u00e1mbito: Valoraci\u00f3n del riesgo social. Asesoramiento sobre recursos sociales, sanitarios, psicol\u00f3gicos y jur\u00eddicos. Abordaje de los problemas sociales tanto [&hellip;]\" \/>\n<meta property=\"og:url\" content=\"https:\/\/aprimariavsg.com\/el-teu-cap\/cartera-de-serveis\/treball-social\/\" \/>\n<meta property=\"og:site_name\" content=\"Atenci\u00f3 Prim\u00e0ria Vallcarca - Sant Gervasi\" \/>\n<meta property=\"article:publisher\" content=\"https:\/\/www.facebook.com\/aprimariavsg\/\" \/>\n<meta property=\"article:modified_time\" content=\"2022-11-15T08:27:04+00:00\" \/>\n<meta name=\"twitter:card\" content=\"summary_large_image\" \/>\n<meta name=\"twitter:site\" content=\"@aprimariavsg\" \/>\n<meta name=\"twitter:label1\" content=\"Tiempo de lectura\" \/>\n\t<meta name=\"twitter:data1\" content=\"1 minuto\" \/>\n<script type=\"application\/ld+json\" class=\"yoast-schema-graph\">{\"@context\":\"https:\\\/\\\/schema.org\",\"@graph\":[{\"@type\":\"WebPage\",\"@id\":\"https:\\\/\\\/aprimariavsg.com\\\/el-teu-cap\\\/cartera-de-serveis\\\/treball-social\\\/\",\"url\":\"https:\\\/\\\/aprimariavsg.com\\\/el-teu-cap\\\/cartera-de-serveis\\\/treball-social\\\/\",\"name\":\"Trabajo social - Atenci\u00f3 Prim\u00e0ria Vallcarca - Sant Gervasi\",\"isPartOf\":{\"@id\":\"https:\\\/\\\/aprimariavsg.com\\\/#website\"},\"datePublished\":\"2022-08-12T08:31:49+00:00\",\"dateModified\":\"2022-11-15T08:27:04+00:00\",\"breadcrumb\":{\"@id\":\"https:\\\/\\\/aprimariavsg.com\\\/el-teu-cap\\\/cartera-de-serveis\\\/treball-social\\\/#breadcrumb\"},\"inLanguage\":\"es\",\"potentialAction\":[{\"@type\":\"ReadAction\",\"target\":[\"https:\\\/\\\/aprimariavsg.com\\\/el-teu-cap\\\/cartera-de-serveis\\\/treball-social\\\/\"]}]},{\"@type\":\"BreadcrumbList\",\"@id\":\"https:\\\/\\\/aprimariavsg.com\\\/el-teu-cap\\\/cartera-de-serveis\\\/treball-social\\\/#breadcrumb\",\"itemListElement\":[{\"@type\":\"ListItem\",\"position\":1,\"name\":\"Inici\",\"item\":\"https:\\\/\\\/aprimariavsg.com\\\/\"},{\"@type\":\"ListItem\",\"position\":2,\"name\":\"Tu CAP\",\"item\":\"https:\\\/\\\/aprimariavsg.com\\\/es\\\/tu-cap\\\/\"},{\"@type\":\"ListItem\",\"position\":3,\"name\":\"Cartera de servicios\",\"item\":\"https:\\\/\\\/aprimariavsg.com\\\/el-teu-cap\\\/cartera-de-serveis\\\/\"},{\"@type\":\"ListItem\",\"position\":4,\"name\":\"Trabajo social\"}]},{\"@type\":\"WebSite\",\"@id\":\"https:\\\/\\\/aprimariavsg.com\\\/#website\",\"url\":\"https:\\\/\\\/aprimariavsg.com\\\/\",\"name\":\"Atenci\u00f3 Prim\u00e0ria Vallcarca - Sant Gervasi\",\"description\":\"Cap Atenci\u00f3 Prim\u00e0ria\",\"publisher\":{\"@id\":\"https:\\\/\\\/aprimariavsg.com\\\/#organization\"},\"potentialAction\":[{\"@type\":\"SearchAction\",\"target\":{\"@type\":\"EntryPoint\",\"urlTemplate\":\"https:\\\/\\\/aprimariavsg.com\\\/?s={search_term_string}\"},\"query-input\":{\"@type\":\"PropertyValueSpecification\",\"valueRequired\":true,\"valueName\":\"search_term_string\"}}],\"inLanguage\":\"es\"},{\"@type\":\"Organization\",\"@id\":\"https:\\\/\\\/aprimariavsg.com\\\/#organization\",\"name\":\"Atenci\u00f3 Prim\u00e0ria Vallcarca - Sant Gervasi\",\"url\":\"https:\\\/\\\/aprimariavsg.com\\\/\",\"logo\":{\"@type\":\"ImageObject\",\"inLanguage\":\"es\",\"@id\":\"https:\\\/\\\/aprimariavsg.com\\\/#\\\/schema\\\/logo\\\/image\\\/\",\"url\":\"https:\\\/\\\/aprimariavsg.com\\\/wp-content\\\/uploads\\\/2021\\\/05\\\/APVSG_logo-horitzontal.png\",\"contentUrl\":\"https:\\\/\\\/aprimariavsg.com\\\/wp-content\\\/uploads\\\/2021\\\/05\\\/APVSG_logo-horitzontal.png\",\"width\":816,\"height\":175,\"caption\":\"Atenci\u00f3 Prim\u00e0ria Vallcarca - Sant Gervasi\"},\"image\":{\"@id\":\"https:\\\/\\\/aprimariavsg.com\\\/#\\\/schema\\\/logo\\\/image\\\/\"},\"sameAs\":[\"https:\\\/\\\/www.facebook.com\\\/aprimariavsg\\\/\",\"https:\\\/\\\/x.com\\\/aprimariavsg\",\"https:\\\/\\\/www.youtube.com\\\/user\\\/aprimariavsg\"]}]}<\/script>\n<!-- \/ Yoast SEO plugin. -->","yoast_head_json":{"title":"Trabajo social - Atenci\u00f3 Prim\u00e0ria Vallcarca - Sant Gervasi","robots":{"index":"index","follow":"follow","max-snippet":"max-snippet:-1","max-image-preview":"max-image-preview:large","max-video-preview":"max-video-preview:-1"},"canonical":"https:\/\/aprimariavsg.com\/el-teu-cap\/cartera-de-serveis\/treball-social\/","og_locale":"es_ES","og_type":"article","og_title":"Trabajo social - Atenci\u00f3 Prim\u00e0ria Vallcarca - Sant Gervasi","og_description":"Cartera de servicios Trabajo social Al igual que el resto de profesionales del centro, realiza visitas programadas y domiciliarias y trabaja en coordinaci\u00f3n con todo el equipo sanitario de cara a las tareas propias de su \u00e1mbito: Valoraci\u00f3n del riesgo social. Asesoramiento sobre recursos sociales, sanitarios, psicol\u00f3gicos y jur\u00eddicos. Abordaje de los problemas sociales tanto [&hellip;]","og_url":"https:\/\/aprimariavsg.com\/el-teu-cap\/cartera-de-serveis\/treball-social\/","og_site_name":"Atenci\u00f3 Prim\u00e0ria Vallcarca - Sant Gervasi","article_publisher":"https:\/\/www.facebook.com\/aprimariavsg\/","article_modified_time":"2022-11-15T08:27:04+00:00","twitter_card":"summary_large_image","twitter_site":"@aprimariavsg","twitter_misc":{"Tiempo de lectura":"1 minuto"},"schema":{"@context":"https:\/\/schema.org","@graph":[{"@type":"WebPage","@id":"https:\/\/aprimariavsg.com\/el-teu-cap\/cartera-de-serveis\/treball-social\/","url":"https:\/\/aprimariavsg.com\/el-teu-cap\/cartera-de-serveis\/treball-social\/","name":"Trabajo social - Atenci\u00f3 Prim\u00e0ria Vallcarca - Sant Gervasi","isPartOf":{"@id":"https:\/\/aprimariavsg.com\/#website"},"datePublished":"2022-08-12T08:31:49+00:00","dateModified":"2022-11-15T08:27:04+00:00","breadcrumb":{"@id":"https:\/\/aprimariavsg.com\/el-teu-cap\/cartera-de-serveis\/treball-social\/#breadcrumb"},"inLanguage":"es","potentialAction":[{"@type":"ReadAction","target":["https:\/\/aprimariavsg.com\/el-teu-cap\/cartera-de-serveis\/treball-social\/"]}]},{"@type":"BreadcrumbList","@id":"https:\/\/aprimariavsg.com\/el-teu-cap\/cartera-de-serveis\/treball-social\/#breadcrumb","itemListElement":[{"@type":"ListItem","position":1,"name":"Inici","item":"https:\/\/aprimariavsg.com\/"},{"@type":"ListItem","position":2,"name":"Tu CAP","item":"https:\/\/aprimariavsg.com\/es\/tu-cap\/"},{"@type":"ListItem","position":3,"name":"Cartera de servicios","item":"https:\/\/aprimariavsg.com\/el-teu-cap\/cartera-de-serveis\/"},{"@type":"ListItem","position":4,"name":"Trabajo social"}]},{"@type":"WebSite","@id":"https:\/\/aprimariavsg.com\/#website","url":"https:\/\/aprimariavsg.com\/","name":"Atenci\u00f3 Prim\u00e0ria Vallcarca - Sant Gervasi","description":"Cap Atenci\u00f3 Prim\u00e0ria","publisher":{"@id":"https:\/\/aprimariavsg.com\/#organization"},"potentialAction":[{"@type":"SearchAction","target":{"@type":"EntryPoint","urlTemplate":"https:\/\/aprimariavsg.com\/?s={search_term_string}"},"query-input":{"@type":"PropertyValueSpecification","valueRequired":true,"valueName":"search_term_string"}}],"inLanguage":"es"},{"@type":"Organization","@id":"https:\/\/aprimariavsg.com\/#organization","name":"Atenci\u00f3 Prim\u00e0ria Vallcarca - Sant Gervasi","url":"https:\/\/aprimariavsg.com\/","logo":{"@type":"ImageObject","inLanguage":"es","@id":"https:\/\/aprimariavsg.com\/#\/schema\/logo\/image\/","url":"https:\/\/aprimariavsg.com\/wp-content\/uploads\/2021\/05\/APVSG_logo-horitzontal.png","contentUrl":"https:\/\/aprimariavsg.com\/wp-content\/uploads\/2021\/05\/APVSG_logo-horitzontal.png","width":816,"height":175,"caption":"Atenci\u00f3 Prim\u00e0ria Vallcarca - Sant Gervasi"},"image":{"@id":"https:\/\/aprimariavsg.com\/#\/schema\/logo\/image\/"},"sameAs":["https:\/\/www.facebook.com\/aprimariavsg\/","https:\/\/x.com\/aprimariavsg","https:\/\/www.youtube.com\/user\/aprimariavsg"]}]}},"_links":{"self":[{"href":"https:\/\/aprimariavsg.com\/es\/wp-json\/wp\/v2\/pages\/96310","targetHints":{"allow":["GET"]}}],"collection":[{"href":"https:\/\/aprimariavsg.com\/es\/wp-json\/wp\/v2\/pages"}],"about":[{"href":"https:\/\/aprimariavsg.com\/es\/wp-json\/wp\/v2\/types\/page"}],"author":[{"embeddable":true,"href":"https:\/\/aprimariavsg.com\/es\/wp-json\/wp\/v2\/users\/1"}],"replies":[{"embeddable":true,"href":"https:\/\/aprimariavsg.com\/es\/wp-json\/wp\/v2\/comments?post=96310"}],"version-history":[{"count":0,"href":"https:\/\/aprimariavsg.com\/es\/wp-json\/wp\/v2\/pages\/96310\/revisions"}],"up":[{"embeddable":true,"href":"https:\/\/aprimariavsg.com\/es\/wp-json\/wp\/v2\/pages\/95711"}],"wp:attachment":[{"href":"https:\/\/aprimariavsg.com\/es\/wp-json\/wp\/v2\/media?parent=96310"}],"curies":[{"name":"wp","href":"https:\/\/api.w.org\/{rel}","templated":true}]}}