{"id":96279,"date":"2022-08-12T10:33:11","date_gmt":"2022-08-12T10:33:11","guid":{"rendered":"https:\/\/aprimariavsg.com\/politica-de-cookies\/"},"modified":"2025-12-01T11:58:57","modified_gmt":"2025-12-01T11:58:57","slug":"politica-de-cookies","status":"publish","type":"page","link":"https:\/\/aprimariavsg.com\/es\/politica-de-cookies\/","title":{"rendered":"Pol\u00edtica de cookies"},"content":{"rendered":"<h6>Tu CENTRO DE ATENCI\u00d3N PRIMARIA<\/h6>\n<h2>Pol\u00edtica de cookies<\/h2>\n<p>  \u00bfQu\u00e9 son las cookies?  <\/p>\n<p>Las cookies son peque\u00f1os archivos de datos que se env\u00edan al ordenador de la persona usuaria, tel\u00e9fono m\u00f3vil u otro dispositivo de acceso cuando visita una p\u00e1gina web y que permiten obtener y recopilar informaci\u00f3n relativa a su navegaci\u00f3n y pueden incluso todo reconocer su ordenador o dispositivo.<\/p>\n<p>Las cookies son esenciales para el funcionamiento de Internet, aportando innumerables ventajas en la prestaci\u00f3n de servicios interactivos, facilitando la navegaci\u00f3n y la usabilidad de las p\u00e1ginas web. Las cookies no pueden da\u00f1ar a su equipo, que est\u00e9n activadas ayuda a identificar y resolver errores en los accesos a las p\u00e1ginas web o sus servicios.<\/p>\n<p>EBA VALLCARCA, SLP (en adelante <strong>EBA Vallcarca<\/strong> ) utiliza cookies para recopilar informaci\u00f3n sobre el uso de la misma por parte de las personas usuarias. Mediante el uso y la navegaci\u00f3n por la web los usuarios aceptan y consienten que la EBA Vallcarca almacene cookies en su ordenador o dispositivo electr\u00f3nico con las finalidades anteriormente citadas. Asimismo, reconocen conocer la posibilidad de rechazar el tratamiento de tales datos o informaci\u00f3n rechazando el uso de cookies mediante la selecci\u00f3n de la configuraci\u00f3n apropiada a tal fin en su navegador. Si bien esta opci\u00f3n de bloqueo de cookies en su navegador puede no permitirle el pleno uso de todas las funcionalidades de la web de la EBA Vallcarca.<\/p>\n<p>En cumplimiento del arte. 22.2 de la Ley de Servicios de la Sociedad de la Informaci\u00f3n y siguiendo las directrices de la Agencia Espa\u00f1ola de Protecci\u00f3n de Datos, procedemos a detallar el uso de cookies que hace la EBA Vallcarca con el fin de informarle con la m\u00e1xima exactitud posible.<\/p>\n<p>  \u00bfQu\u00e9 cookies utiliza la EBA Vallcarca?  <\/p>\n<p><em>Cookies propias<\/em><\/p>\n<ul>\n<li>Cookies necesarias: Estas cookies t\u00e9cnicas hacen que una p\u00e1gina web sea funcional y utilizable activando funciones b\u00e1sicas como la navegaci\u00f3n en la p\u00e1gina y el acceso a \u00e1reas seguras de la p\u00e1gina web. La web no puede funcionar adecuadamente sin estas cookies.<\/li>\n<li>Cookies de personalizaci\u00f3n: Son aquellas que permiten a la persona usuaria acceder al servicio con algunas caracter\u00edsticas generales predefinidas en funci\u00f3n de una serie de criterios en el terminal del usuario como por ejemplo ser\u00edan el idioma, el tipo de navegador a trav\u00e9s del que accede al servicio, la configuraci\u00f3n regional desde donde accede al servicio, etc.<\/li>\n<li>\n<p><em>Cookies anal\u00edticas<\/em> : Sirven para recaudar estad\u00edsticas sobre la actividad de la persona usuaria al visitar la p\u00e1gina web y la actividad general de \u00e9sta. La informaci\u00f3n suele recopilarse, por lo general, de forma anonitmizada y permite optimizar la navegaci\u00f3n a trav\u00e9s de la p\u00e1gina web y garantizar el mejor servicio al usuario.<\/p>\n<p>\u2022 <em>Cookies publicitarias<\/em> : Son aquellas que permiten la gesti\u00f3n, de la forma m\u00e1s eficaz posible, de los espacios publicitarios que, en su caso, el editor haya incluido en una p\u00e1gina web, aplicaci\u00f3n o plataforma desde la que presta el servicio solicitado. Estas cookies almacenan informaci\u00f3n del comportamiento de los usuarios obtenida a trav\u00e9s de la continua observaci\u00f3n de sus h\u00e1bitos de navegaci\u00f3n, lo que permite desarrollar un perfil espec\u00edfico para mostrar publicidad en funci\u00f3n del mismo.<\/p>\n<p>\u2022 <em>Cookies de seguridad<\/em> : Son aquellas cookies que se utilizan para garantizar la seguridad en el acceso y uso del servicio, como por ejemplo las usadas para autenticar a usuarios, evitar el uso fraudulento de credenciales de inicio de sesi\u00f3n y proteger los datos de usuarios frente a terceros no autorizados.<\/p>\n<\/li>\n<\/ul>\n<table id=\"uael-table-id-4201491\" data-sort-table=\"no\" data-show-entry=\"no\" data-searchable=\"no\" data-responsive=\"no\">\n<thead>\n<tr>\n<th data-sort=\"0\" scope=\"col\">\nNOMBRE\n<\/th>\n<th data-sort=\"1\" scope=\"col\">\nFINALIDAD\n<\/th>\n<th data-sort=\"2\" scope=\"col\">\nPROVEEDOR\n<\/th>\n<th data-sort=\"3\" scope=\"col\">\nDURACI\u00d3N\n<\/th>\n<\/thead>\n<tbody>\n\t\t\t<!-- ROWS --><\/p>\n<tr data-entry=\"1\">\n<td data-title=\"NOM\">\n__stid\n<\/td>\n<td data-title=\"FINALITAT\">\nOfrece seguridad al navegar en la web\n<\/td>\n<td data-title=\"PROVE\u00cfDOR\">\n__stid\n<\/td>\n<td data-title=\"DURADA\">\n1 a\u00f1o\n<\/td>\n<\/tr>\n<tr data-entry=\"2\">\n<td data-title=\"NOM\">\n  wordfence_verifiedHuman\n\t\t\t\t\t\t\t\t\t\t\t\t\t<\/td>\n<td data-title=\"FINALITAT\">\n  Recoger informaci\u00f3n sobre c\u00f3mo usan estas p\u00e1ginas web nuestros visitantes. Toda la informaci\u00f3n se recoge de forma an\u00f3nima y puede incluir datos como el navegador que se est\u00e1 utilizando n\u00famero de p\u00e1ginas vistas. Utilizamos cookies propias y de terceros para analizar nuestros servicios y mostrarle publicidad relacionada con las preferencias de las personas usuarias, a partir de un perfil elaborado seg\u00fan sus h\u00e1bitos de navegaci\u00f3n.\n\t\t\t\t\t\t\t\t\t\t\t\t\t<\/td>\n<td data-title=\"PROVE\u00cfDOR\">\nwordfence_verifiedHuman\n<\/td>\n<td data-title=\"DURADA\">\n1 a\u00f1o\n<\/td>\n<\/tbody>\n<\/table>\n<p><i>Cookies de terceros<\/i><\/p>\n<ul>\n<li>\n<p>Google Analytics: Servicio anal\u00edtico de web prestado por Google, Inc. con domicilio en Estados Unidos con sede central en 1600 Amphitheatre Parkway, Mountain View, California 94043. Para la prestaci\u00f3n de estos servicios, \u00e9stos utilizan cookies que recopilan la informaci\u00f3n, incluida la direcci\u00f3n IP de la persona usuaria, que ser\u00e1 transmitida, tratada y almacenada por Google en los t\u00e9rminos fijados en la Web Google.com. Incluyendo la posible transmisi\u00f3n de esta informaci\u00f3n a terceros por razones de exigencia legal o cuando dichos terceros procesen la informaci\u00f3n por cuenta de Google.<\/p>\n<p><a href=\"https:\/\/developers.google.com\/analytics\/devguides\/collection\/analyticsjs\/cookie-usage\" target=\"_blank\" rel=\"noopener\">https:\/\/developers.google.com\/analytics\/devguides\/collection\/analyticsjs\/cookie-usage<\/a><\/p>\n<p>La persona usuaria puede revocar su consentimiento para el uso de cookies en su navegador a trav\u00e9s de las opciones del desarrollador del navegador que est\u00e9 utilizando, o instalando un sistema de rechazo (\u201copt-out\u201d) a trav\u00e9s los enlaces de algunos terceros que instalan cookies en la p\u00e1gina web.<\/p>\n<p>Opt-out de Google Analytics <a href=\"https:\/\/tools.google.com\/dlpage\/gaoptout?hl=none\" target=\"_blank\" rel=\"noopener\">https:\/\/tools.google.com\/dlpage\/gaoptout?hl=none<\/a><\/p>\n<\/li>\n<\/ul>\n<table id=\"uael-table-id-396436e\" data-sort-table=\"no\" data-show-entry=\"no\" data-searchable=\"no\" data-responsive=\"no\">\n<thead>\n<tr>\n<th data-sort=\"0\" scope=\"col\">\nNOMBRE\n<\/th>\n<th data-sort=\"1\" scope=\"col\">\nFINALIDAD\n<\/th>\n<th data-sort=\"2\" scope=\"col\">\nPROVEEDOR\n<\/th>\n<th data-sort=\"3\" scope=\"col\">\nDURACI\u00d3N\n<\/th>\n<\/thead>\n<tbody>\n\t\t\t<!-- ROWS --><\/p>\n<tr data-entry=\"1\">\n<td data-title=\"NOM\">\n  __stid\n\t\t\t\t\t\t\t\t\t\t\t\t\t<\/td>\n<td data-title=\"FINALITAT\">\n  Recoger informaci\u00f3n sobre c\u00f3mo usan estas p\u00e1ginas web nuestros visitantes. Toda la informaci\u00f3n se recopila de forma an\u00f3nima y puede incluir datos como el navegador que se est\u00e1 utilizando n\u00famero de p\u00e1ginas vistas. Esta informaci\u00f3n nos ayuda a mejorar esta web y su experiencia al visitarnos.\n\t\t\t\t\t\t\t\t\t\t\t\t\t<\/td>\n<td data-title=\"PROVE\u00cfDOR\">\nGoogle Analytics\n<\/td>\n<td data-title=\"DURADA\">\nAl finalizar sesi\u00f3n\n<\/td>\n<\/tr>\n<tr data-entry=\"2\">\n<td data-title=\"NOM\">\n  _ga\n\t\t\t\t\t\t\t\t\t\t\t\t\t<\/td>\n<td data-title=\"FINALITAT\">\n  Recoger informaci\u00f3n sobre c\u00f3mo usan estas p\u00e1ginas web nuestros visitantes. Toda la informaci\u00f3n se recoge de forma an\u00f3nima y puede incluir datos como el navegador que se est\u00e1 utilizando n\u00famero de p\u00e1ginas vistas. Esta informaci\u00f3n nos ayuda a mejorar esta web y su experiencia al visitarnos.\n\t\t\t\t\t\t\t\t\t\t\t\t\t<\/td>\n<td data-title=\"PROVE\u00cfDOR\">\nGoogle Analytics\n<\/td>\n<td data-title=\"DURADA\">\n26 meses\n<\/td>\n<\/tr>\n<tr data-entry=\"3\">\n<td data-title=\"NOM\">\n  _gato\n\t\t\t\t\t\t\t\t\t\t\t\t\t<\/td>\n<td data-title=\"FINALITAT\">\n  Recoger informaci\u00f3n sobre c\u00f3mo usan estas p\u00e1ginas web nuestros visitantes. Toda la informaci\u00f3n se recoge de forma an\u00f3nima y puede incluir datos como el navegador que se est\u00e1 utilizando n\u00famero de p\u00e1ginas vistas. Esta informaci\u00f3n nos ayuda a mejorar esta web y su experiencia al visitarnos.\n\t\t\t\t\t\t\t\t\t\t\t\t\t<\/td>\n<td data-title=\"PROVE\u00cfDOR\">\nGoogle Analytics\n<\/td>\n<td data-title=\"DURADA\">\nVariable\n<\/td>\n<\/tr>\n<tr data-entry=\"4\">\n<td data-title=\"NOM\">\n  _sharethis_cookie_test\n\t\t\t\t\t\t\t\t\t\t\t\t\t<\/td>\n<td data-title=\"FINALITAT\">\n  Supervisar la actividad de \u201cclick-stream\u201d por ejemplo p\u00e1ginas web visitadas y navegadas y el tiempo empleado en las p\u00e1ginas. Este servicio s\u00f3lo identifica personalmente los visitantes si han firmado por separado con ShareThis para una cuenta con ellos y les dio su consentimiento.\n\t\t\t\t\t\t\t\t\t\t\t\t\t<\/td>\n<td data-title=\"PROVE\u00cfDOR\">\nShareThis\n<\/td>\n<td data-title=\"DURADA\">\n9 meses\n<\/td>\n<\/tbody>\n<\/table>\n<p>  Bloqueo por cookies  <\/p>\n<p>Puede permitir, bloquear o eliminar las cookies instaladas en su equipo mediante la configuraci\u00f3n de las opciones del navegador instalado en su ordenador siguiendo las instrucciones:<\/p>\n<ul>\n<li><em>Google Chrome<\/em> : Herramientas&gt; Configuraci\u00f3n&gt; Mostrar opciones avanzadas&gt; configuraci\u00f3n de contenido&gt; Cookies&gt; Bloquear los datos de sitios y las cookies de terceros<\/li>\n<li><em>Mozilla Firefox<\/em> : Herramientas&gt; Opciones&gt; Privacidad&gt; Historial&gt; Usar una configuraci\u00f3n personalizada para el historial (desmarcar todas las casillas).<\/li>\n<li><em>Internet Explorer<\/em> : Herramientas&gt; Opciones de Internet&gt; Privacidad&gt; Configuraci\u00f3n para la zona de Internet (subir la barra de navegaci\u00f3n hasta Bloquear todas las cookies).<\/li>\n<li><em>Safari<\/em> : Edici\u00f3n&gt; Preferencias&gt; Privacidad&gt; Bloquear cookies (seleccionar \u00absiempre\u00bb).<\/li>\n<\/ul>\n<p>O bien a trav\u00e9s de los siguientes enlaces:<\/p>\n<ul>\n<li><a href=\"http:\/\/windows.microsoft.com\/es-es\/windows7\/how-to-manage-cookies-in-internet-explorer-9\" target=\"_blank\" rel=\"noopener\">Configuraci\u00f3n de cookies Internet Explorer<\/a><\/li>\n<li><a href=\"https:\/\/support.google.com\/chrome\/answer\/95647?hl=es\" target=\"_blank\" rel=\"noopener\">Configuraci\u00f3n de cookies Chrome<\/a><\/li>\n<li><a href=\"https:\/\/support.mozilla.org\/es\/kb\/habilitar-y-deshabilitar-cookies-que-los-sitios-we\" target=\"_blank\" rel=\"noopener\">Configuraci\u00f3n de cookies Firefox<\/a><\/li>\n<li><a href=\"https:\/\/support.apple.com\/kb\/PH17191?locale=es_ES\" target=\"_blank\" rel=\"noopener\">Configuraci\u00f3n de cookies Safari<\/a><\/li>\n<\/ul>\n<p>Asimismo, la mayor\u00eda de navegadores permiten activar un modo privado mediante el cual las cookies se borran siempre despu\u00e9s de la visita.<\/p>\n<p>Tambi\u00e9n puede configurar sus preferencias respecto a las cookies accediendo al configurador de cookies<\/p>\n<p>Por \u00faltimo, La EBA Vallcarca se reserva el derecho a modificar en cualquier momento la Pol\u00edtica de cookies. Por eso, las personas usuarias tendr\u00e1n que consultar peri\u00f3dicamente la Pol\u00edtica de cookies. Si tiene dudas sobre nuestra pol\u00edtica de cookies, puede contactar con nosotros a trav\u00e9s de los canales habituales.<\/p>\n","protected":false},"excerpt":{"rendered":"<p>Tu CENTRO DE ATENCI\u00d3N PRIMARIA Pol\u00edtica de cookies \u00bfQu\u00e9 son las cookies? Las cookies son peque\u00f1os archivos de datos que se env\u00edan al ordenador de la persona usuaria, tel\u00e9fono m\u00f3vil u otro dispositivo de acceso cuando visita una p\u00e1gina web y que permiten obtener y recopilar informaci\u00f3n relativa a su navegaci\u00f3n y pueden incluso todo [&hellip;]<\/p>\n","protected":false},"author":1,"featured_media":0,"parent":0,"menu_order":9,"comment_status":"closed","ping_status":"closed","template":"","meta":{"site-sidebar-layout":"no-sidebar","site-content-layout":"page-builder","ast-site-content-layout":"full-width-container","site-content-style":"unboxed","site-sidebar-style":"unboxed","ast-global-header-display":"","ast-banner-title-visibility":"","ast-main-header-display":"","ast-hfb-above-header-display":"","ast-hfb-below-header-display":"","ast-hfb-mobile-header-display":"","site-post-title":"disabled","ast-breadcrumbs-content":"","ast-featured-img":"disabled","footer-sml-layout":"","ast-disable-related-posts":"","theme-transparent-header-meta":"","adv-header-id-meta":"","stick-header-meta":"","header-above-stick-meta":"","header-main-stick-meta":"","header-below-stick-meta":"","astra-migrate-meta-layouts":"default","ast-page-background-enabled":"default","ast-page-background-meta":{"desktop":{"background-color":"","background-image":"","background-repeat":"repeat","background-position":"center center","background-size":"auto","background-attachment":"scroll","background-type":"","background-media":"","overlay-type":"","overlay-color":"","overlay-opacity":"","overlay-gradient":""},"tablet":{"background-color":"","background-image":"","background-repeat":"repeat","background-position":"center center","background-size":"auto","background-attachment":"scroll","background-type":"","background-media":"","overlay-type":"","overlay-color":"","overlay-opacity":"","overlay-gradient":""},"mobile":{"background-color":"","background-image":"","background-repeat":"repeat","background-position":"center center","background-size":"auto","background-attachment":"scroll","background-type":"","background-media":"","overlay-type":"","overlay-color":"","overlay-opacity":"","overlay-gradient":""}},"ast-content-background-meta":{"desktop":{"background-color":"var(--ast-global-color-5)","background-image":"","background-repeat":"repeat","background-position":"center center","background-size":"auto","background-attachment":"scroll","background-type":"","background-media":"","overlay-type":"","overlay-color":"","overlay-opacity":"","overlay-gradient":""},"tablet":{"background-color":"var(--ast-global-color-5)","background-image":"","background-repeat":"repeat","background-position":"center center","background-size":"auto","background-attachment":"scroll","background-type":"","background-media":"","overlay-type":"","overlay-color":"","overlay-opacity":"","overlay-gradient":""},"mobile":{"background-color":"var(--ast-global-color-5)","background-image":"","background-repeat":"repeat","background-position":"center center","background-size":"auto","background-attachment":"scroll","background-type":"","background-media":"","overlay-type":"","overlay-color":"","overlay-opacity":"","overlay-gradient":""}},"footnotes":""},"class_list":["post-96279","page","type-page","status-publish","hentry"],"yoast_head":"<!-- This site is optimized with the Yoast SEO plugin v27.3 - https:\/\/yoast.com\/product\/yoast-seo-wordpress\/ -->\n<title>Pol\u00edtica de cookies - Atenci\u00f3 Prim\u00e0ria Vallcarca - Sant Gervasi<\/title>\n<meta name=\"robots\" content=\"index, follow, max-snippet:-1, max-image-preview:large, max-video-preview:-1\" \/>\n<link rel=\"canonical\" href=\"https:\/\/aprimariavsg.com\/es\/politica-de-cookies\/\" \/>\n<meta property=\"og:locale\" content=\"es_ES\" \/>\n<meta property=\"og:type\" content=\"article\" \/>\n<meta property=\"og:title\" content=\"Pol\u00edtica de cookies - Atenci\u00f3 Prim\u00e0ria Vallcarca - Sant Gervasi\" \/>\n<meta property=\"og:description\" content=\"Tu CENTRO DE ATENCI\u00d3N PRIMARIA Pol\u00edtica de cookies \u00bfQu\u00e9 son las cookies? Las cookies son peque\u00f1os archivos de datos que se env\u00edan al ordenador de la persona usuaria, tel\u00e9fono m\u00f3vil u otro dispositivo de acceso cuando visita una p\u00e1gina web y que permiten obtener y recopilar informaci\u00f3n relativa a su navegaci\u00f3n y pueden incluso todo [&hellip;]\" \/>\n<meta property=\"og:url\" content=\"https:\/\/aprimariavsg.com\/es\/politica-de-cookies\/\" \/>\n<meta property=\"og:site_name\" content=\"Atenci\u00f3 Prim\u00e0ria Vallcarca - Sant Gervasi\" \/>\n<meta property=\"article:publisher\" content=\"https:\/\/www.facebook.com\/aprimariavsg\/\" \/>\n<meta property=\"article:modified_time\" content=\"2025-12-01T11:58:57+00:00\" \/>\n<meta name=\"twitter:card\" content=\"summary_large_image\" \/>\n<meta name=\"twitter:site\" content=\"@aprimariavsg\" \/>\n<script type=\"application\/ld+json\" class=\"yoast-schema-graph\">{\"@context\":\"https:\\\/\\\/schema.org\",\"@graph\":[{\"@type\":\"WebPage\",\"@id\":\"https:\\\/\\\/aprimariavsg.com\\\/es\\\/politica-de-cookies\\\/\",\"url\":\"https:\\\/\\\/aprimariavsg.com\\\/es\\\/politica-de-cookies\\\/\",\"name\":\"Pol\u00edtica de cookies - Atenci\u00f3 Prim\u00e0ria Vallcarca - Sant Gervasi\",\"isPartOf\":{\"@id\":\"https:\\\/\\\/aprimariavsg.com\\\/#website\"},\"datePublished\":\"2022-08-12T10:33:11+00:00\",\"dateModified\":\"2025-12-01T11:58:57+00:00\",\"breadcrumb\":{\"@id\":\"https:\\\/\\\/aprimariavsg.com\\\/es\\\/politica-de-cookies\\\/#breadcrumb\"},\"inLanguage\":\"es\",\"potentialAction\":[{\"@type\":\"ReadAction\",\"target\":[\"https:\\\/\\\/aprimariavsg.com\\\/es\\\/politica-de-cookies\\\/\"]}]},{\"@type\":\"BreadcrumbList\",\"@id\":\"https:\\\/\\\/aprimariavsg.com\\\/es\\\/politica-de-cookies\\\/#breadcrumb\",\"itemListElement\":[{\"@type\":\"ListItem\",\"position\":1,\"name\":\"Inici\",\"item\":\"https:\\\/\\\/aprimariavsg.com\\\/\"},{\"@type\":\"ListItem\",\"position\":2,\"name\":\"Pol\u00edtica de cookies\"}]},{\"@type\":\"WebSite\",\"@id\":\"https:\\\/\\\/aprimariavsg.com\\\/#website\",\"url\":\"https:\\\/\\\/aprimariavsg.com\\\/\",\"name\":\"Atenci\u00f3 Prim\u00e0ria Vallcarca - Sant Gervasi\",\"description\":\"Cap Atenci\u00f3 Prim\u00e0ria\",\"publisher\":{\"@id\":\"https:\\\/\\\/aprimariavsg.com\\\/#organization\"},\"potentialAction\":[{\"@type\":\"SearchAction\",\"target\":{\"@type\":\"EntryPoint\",\"urlTemplate\":\"https:\\\/\\\/aprimariavsg.com\\\/?s={search_term_string}\"},\"query-input\":{\"@type\":\"PropertyValueSpecification\",\"valueRequired\":true,\"valueName\":\"search_term_string\"}}],\"inLanguage\":\"es\"},{\"@type\":\"Organization\",\"@id\":\"https:\\\/\\\/aprimariavsg.com\\\/#organization\",\"name\":\"Atenci\u00f3 Prim\u00e0ria Vallcarca - Sant Gervasi\",\"url\":\"https:\\\/\\\/aprimariavsg.com\\\/\",\"logo\":{\"@type\":\"ImageObject\",\"inLanguage\":\"es\",\"@id\":\"https:\\\/\\\/aprimariavsg.com\\\/#\\\/schema\\\/logo\\\/image\\\/\",\"url\":\"https:\\\/\\\/aprimariavsg.com\\\/wp-content\\\/uploads\\\/2021\\\/05\\\/APVSG_logo-horitzontal.png\",\"contentUrl\":\"https:\\\/\\\/aprimariavsg.com\\\/wp-content\\\/uploads\\\/2021\\\/05\\\/APVSG_logo-horitzontal.png\",\"width\":816,\"height\":175,\"caption\":\"Atenci\u00f3 Prim\u00e0ria Vallcarca - Sant Gervasi\"},\"image\":{\"@id\":\"https:\\\/\\\/aprimariavsg.com\\\/#\\\/schema\\\/logo\\\/image\\\/\"},\"sameAs\":[\"https:\\\/\\\/www.facebook.com\\\/aprimariavsg\\\/\",\"https:\\\/\\\/x.com\\\/aprimariavsg\",\"https:\\\/\\\/www.youtube.com\\\/user\\\/aprimariavsg\"]}]}<\/script>\n<!-- \/ Yoast SEO plugin. -->","yoast_head_json":{"title":"Pol\u00edtica de cookies - Atenci\u00f3 Prim\u00e0ria Vallcarca - Sant Gervasi","robots":{"index":"index","follow":"follow","max-snippet":"max-snippet:-1","max-image-preview":"max-image-preview:large","max-video-preview":"max-video-preview:-1"},"canonical":"https:\/\/aprimariavsg.com\/es\/politica-de-cookies\/","og_locale":"es_ES","og_type":"article","og_title":"Pol\u00edtica de cookies - Atenci\u00f3 Prim\u00e0ria Vallcarca - Sant Gervasi","og_description":"Tu CENTRO DE ATENCI\u00d3N PRIMARIA Pol\u00edtica de cookies \u00bfQu\u00e9 son las cookies? Las cookies son peque\u00f1os archivos de datos que se env\u00edan al ordenador de la persona usuaria, tel\u00e9fono m\u00f3vil u otro dispositivo de acceso cuando visita una p\u00e1gina web y que permiten obtener y recopilar informaci\u00f3n relativa a su navegaci\u00f3n y pueden incluso todo [&hellip;]","og_url":"https:\/\/aprimariavsg.com\/es\/politica-de-cookies\/","og_site_name":"Atenci\u00f3 Prim\u00e0ria Vallcarca - Sant Gervasi","article_publisher":"https:\/\/www.facebook.com\/aprimariavsg\/","article_modified_time":"2025-12-01T11:58:57+00:00","twitter_card":"summary_large_image","twitter_site":"@aprimariavsg","schema":{"@context":"https:\/\/schema.org","@graph":[{"@type":"WebPage","@id":"https:\/\/aprimariavsg.com\/es\/politica-de-cookies\/","url":"https:\/\/aprimariavsg.com\/es\/politica-de-cookies\/","name":"Pol\u00edtica de cookies - Atenci\u00f3 Prim\u00e0ria Vallcarca - Sant Gervasi","isPartOf":{"@id":"https:\/\/aprimariavsg.com\/#website"},"datePublished":"2022-08-12T10:33:11+00:00","dateModified":"2025-12-01T11:58:57+00:00","breadcrumb":{"@id":"https:\/\/aprimariavsg.com\/es\/politica-de-cookies\/#breadcrumb"},"inLanguage":"es","potentialAction":[{"@type":"ReadAction","target":["https:\/\/aprimariavsg.com\/es\/politica-de-cookies\/"]}]},{"@type":"BreadcrumbList","@id":"https:\/\/aprimariavsg.com\/es\/politica-de-cookies\/#breadcrumb","itemListElement":[{"@type":"ListItem","position":1,"name":"Inici","item":"https:\/\/aprimariavsg.com\/"},{"@type":"ListItem","position":2,"name":"Pol\u00edtica de cookies"}]},{"@type":"WebSite","@id":"https:\/\/aprimariavsg.com\/#website","url":"https:\/\/aprimariavsg.com\/","name":"Atenci\u00f3 Prim\u00e0ria Vallcarca - Sant Gervasi","description":"Cap Atenci\u00f3 Prim\u00e0ria","publisher":{"@id":"https:\/\/aprimariavsg.com\/#organization"},"potentialAction":[{"@type":"SearchAction","target":{"@type":"EntryPoint","urlTemplate":"https:\/\/aprimariavsg.com\/?s={search_term_string}"},"query-input":{"@type":"PropertyValueSpecification","valueRequired":true,"valueName":"search_term_string"}}],"inLanguage":"es"},{"@type":"Organization","@id":"https:\/\/aprimariavsg.com\/#organization","name":"Atenci\u00f3 Prim\u00e0ria Vallcarca - Sant Gervasi","url":"https:\/\/aprimariavsg.com\/","logo":{"@type":"ImageObject","inLanguage":"es","@id":"https:\/\/aprimariavsg.com\/#\/schema\/logo\/image\/","url":"https:\/\/aprimariavsg.com\/wp-content\/uploads\/2021\/05\/APVSG_logo-horitzontal.png","contentUrl":"https:\/\/aprimariavsg.com\/wp-content\/uploads\/2021\/05\/APVSG_logo-horitzontal.png","width":816,"height":175,"caption":"Atenci\u00f3 Prim\u00e0ria Vallcarca - Sant Gervasi"},"image":{"@id":"https:\/\/aprimariavsg.com\/#\/schema\/logo\/image\/"},"sameAs":["https:\/\/www.facebook.com\/aprimariavsg\/","https:\/\/x.com\/aprimariavsg","https:\/\/www.youtube.com\/user\/aprimariavsg"]}]}},"_links":{"self":[{"href":"https:\/\/aprimariavsg.com\/es\/wp-json\/wp\/v2\/pages\/96279","targetHints":{"allow":["GET"]}}],"collection":[{"href":"https:\/\/aprimariavsg.com\/es\/wp-json\/wp\/v2\/pages"}],"about":[{"href":"https:\/\/aprimariavsg.com\/es\/wp-json\/wp\/v2\/types\/page"}],"author":[{"embeddable":true,"href":"https:\/\/aprimariavsg.com\/es\/wp-json\/wp\/v2\/users\/1"}],"replies":[{"embeddable":true,"href":"https:\/\/aprimariavsg.com\/es\/wp-json\/wp\/v2\/comments?post=96279"}],"version-history":[{"count":4,"href":"https:\/\/aprimariavsg.com\/es\/wp-json\/wp\/v2\/pages\/96279\/revisions"}],"predecessor-version":[{"id":104518,"href":"https:\/\/aprimariavsg.com\/es\/wp-json\/wp\/v2\/pages\/96279\/revisions\/104518"}],"wp:attachment":[{"href":"https:\/\/aprimariavsg.com\/es\/wp-json\/wp\/v2\/media?parent=96279"}],"curies":[{"name":"wp","href":"https:\/\/api.w.org\/{rel}","templated":true}]}}