{"id":95869,"date":"2022-08-12T08:06:59","date_gmt":"2022-08-12T08:06:59","guid":{"rendered":"https:\/\/aprimariavsg.com\/cartera-de-servicios\/procedimientos-terapeuticos-y-tecnicas\/"},"modified":"2022-11-15T08:24:07","modified_gmt":"2022-11-15T08:24:07","slug":"procedimientos-terapeuticos-y-tecnicas","status":"publish","type":"page","link":"https:\/\/aprimariavsg.com\/es\/tu-cap\/cartera-de-servicios\/procedimientos-terapeuticos-y-tecnicas\/","title":{"rendered":"Procedimientos terap\u00e9uticos y t\u00e9cnicas"},"content":{"rendered":"\t\t<div data-elementor-type=\"wp-page\" data-elementor-id=\"95869\" class=\"elementor elementor-95869\" data-elementor-post-type=\"page\">\n\t\t\t\t\t\t<section class=\"elementor-section elementor-top-section elementor-element elementor-element-f3f908a elementor-section-height-min-height elementor-section-items-bottom elementor-section-boxed elementor-section-height-default\" data-id=\"f3f908a\" data-element_type=\"section\" data-e-type=\"section\" data-settings=\"{&quot;background_background&quot;:&quot;classic&quot;,&quot;shape_divider_bottom&quot;:&quot;curve&quot;,&quot;shape_divider_bottom_negative&quot;:&quot;yes&quot;}\">\n\t\t\t\t\t\t\t<div class=\"elementor-background-overlay\"><\/div>\n\t\t\t\t\t\t<div class=\"elementor-shape elementor-shape-bottom\" aria-hidden=\"true\" data-negative=\"true\">\n\t\t\t<svg xmlns=\"http:\/\/www.w3.org\/2000\/svg\" viewBox=\"0 0 1000 100\" preserveAspectRatio=\"none\">\n\t<path class=\"elementor-shape-fill\" d=\"M500,97C126.7,96.3,0.8,19.8,0,0v100l1000,0V1C1000,19.4,873.3,97.8,500,97z\"\/>\n<\/svg>\t\t<\/div>\n\t\t\t\t\t<div class=\"elementor-container elementor-column-gap-default\">\n\t\t\t\t\t<div class=\"elementor-column elementor-col-100 elementor-top-column elementor-element elementor-element-b4a31f5\" data-id=\"b4a31f5\" data-element_type=\"column\" data-e-type=\"column\">\n\t\t\t<div class=\"elementor-widget-wrap\">\n\t\t\t\t\t\t\t<\/div>\n\t\t<\/div>\n\t\t\t\t\t<\/div>\n\t\t<\/section>\n\t\t\t\t<section class=\"elementor-section elementor-top-section elementor-element elementor-element-251a3fe elementor-section-boxed elementor-section-height-default elementor-section-height-default\" data-id=\"251a3fe\" data-element_type=\"section\" data-e-type=\"section\" data-settings=\"{&quot;background_background&quot;:&quot;classic&quot;}\">\n\t\t\t\t\t\t<div class=\"elementor-container elementor-column-gap-no\">\n\t\t\t\t\t<div class=\"elementor-column elementor-col-100 elementor-top-column elementor-element elementor-element-ff004c5\" data-id=\"ff004c5\" data-element_type=\"column\" data-e-type=\"column\">\n\t\t\t<div class=\"elementor-widget-wrap elementor-element-populated\">\n\t\t\t\t\t\t<div class=\"elementor-element elementor-element-7efaaf4 elementor-widget elementor-widget-heading\" data-id=\"7efaaf4\" data-element_type=\"widget\" data-e-type=\"widget\" data-widget_type=\"heading.default\">\n\t\t\t\t<div class=\"elementor-widget-container\">\n\t\t\t\t\t<h6 class=\"elementor-heading-title elementor-size-default\">Cartera de servicios<\/h6>\t\t\t\t<\/div>\n\t\t\t\t<\/div>\n\t\t\t\t<div class=\"elementor-element elementor-element-5fc397b elementor-widget elementor-widget-heading\" data-id=\"5fc397b\" data-element_type=\"widget\" data-e-type=\"widget\" data-widget_type=\"heading.default\">\n\t\t\t\t<div class=\"elementor-widget-container\">\n\t\t\t\t\t<h2 class=\"elementor-heading-title elementor-size-default\">Procedimientos terap\u00e9uticos y t\u00e9cnicas<\/h2>\t\t\t\t<\/div>\n\t\t\t\t<\/div>\n\t\t\t\t<div class=\"elementor-element elementor-element-fe4897b elementor-widget__width-inherit elementor-widget elementor-widget-heading\" data-id=\"fe4897b\" data-element_type=\"widget\" data-e-type=\"widget\" data-widget_type=\"heading.default\">\n\t\t\t\t<div class=\"elementor-widget-container\">\n\t\t\t\t\t<div class=\"elementor-heading-title elementor-size-default\">Se realizar\u00e1n por el personal sanitario e incluyen:<\/div>\t\t\t\t<\/div>\n\t\t\t\t<\/div>\n\t\t\t\t<section class=\"elementor-section elementor-inner-section elementor-element elementor-element-90a2e02 elementor-section-boxed elementor-section-height-default elementor-section-height-default\" data-id=\"90a2e02\" data-element_type=\"section\" data-e-type=\"section\">\n\t\t\t\t\t\t<div class=\"elementor-container elementor-column-gap-default\">\n\t\t\t\t\t<div class=\"elementor-column elementor-col-100 elementor-inner-column elementor-element elementor-element-4c91084\" data-id=\"4c91084\" data-element_type=\"column\" data-e-type=\"column\">\n\t\t\t<div class=\"elementor-widget-wrap elementor-element-populated\">\n\t\t\t\t\t\t<div class=\"elementor-element elementor-element-4f15c32 elementor-widget-mobile__width-inherit elementor-widget elementor-widget-text-editor\" data-id=\"4f15c32\" data-element_type=\"widget\" data-e-type=\"widget\" data-widget_type=\"text-editor.default\">\n\t\t\t\t<div class=\"elementor-widget-container\">\n\t\t\t\t\t\t\t\t\t<div class=\"column dt-sc-one-half first\">\n<ul class=\"dt-sc-fancy-list electricblue arrow\">\n<li>Suturas, cuidados y tratamiento de \u00falceras cut\u00e1neas.<\/li>\n<li>Administraci\u00f3n de inyectables.<\/li>\n<li>Vacunas seg\u00fan calendario.<\/li>\n<li>Seguimiento de tratamiento con anticoagulantes orales con determinaci\u00f3n INR mediante sangre capilar y coordinaci\u00f3n con especializada.<\/li>\n<li>Extracci\u00f3n de sangre y obtenci\u00f3n de muestras biol\u00f3gicas.<\/li>\n<li>Extracci\u00f3n de tapones de cera y tapones nasales.<\/li>\n<li>Realizaci\u00f3n de electrocardiogramas, oscilometr\u00eda y\/o doppler.<\/li>\n<li>Realizaci\u00f3n de espirometr\u00edas, pulsioximetr\u00edas.<\/li>\n<li>Prueba de la tuberculina.<\/li>\n<li>Prueba de embarazo.<\/li>\n<li>Tiras de orina.<\/li>\n<li>Sondajes vesicales y nasog\u00e1stricos.<\/li>\n<li>Cuidados de estomas digestivos, urinarios y traqueales.<\/li>\n<li>Inmovilizaciones y vendajes.<\/li>\n<li>Infiltraciones.<\/li>\n<li>Aerosolterapia.<\/li>\n<li>Cirug\u00eda menor.<\/li>\n<li>Monitorizaci\u00f3n ambulatoria de la presi\u00f3n arterial (MAPA).<\/li>\n<\/ul>\n<\/div>\n<div class=\"column dt-sc-one-half \">\n<ul class=\"dt-sc-fancy-list electricblue arrow\">\n<li>Reanimaci\u00f3n cardiopulmonar.<\/li>\n<li>Realizaci\u00f3n de audiometr\u00edas.<\/li>\n<li>Cribado de patolog\u00eda oftalmol\u00f3gica con fotograf\u00eda del fondo de ojo con c\u00e1mara amidri\u00e1tica.<\/li>\n<li>\u00cdndice tobillo-brazo.<\/li>\n<li>Strepto-test.<\/li>\n<li>Tiras de troponin.<\/li>\n<li>Audiometr\u00edas.<\/li>\n<li>Cribado glaucoma con ton\u00f3metro de aire.<\/li>\n<li>Cribado degeneraci\u00f3n macular con rejilla de Amsler.<\/li>\n<li>Crioterapia lesiones cut\u00e1neas.<\/li>\n<li>Strepto-test.<\/li>\n<li>Determinaci\u00f3n niveles troponina por diagn\u00f3stico da\u00f1o coronario agudo.<\/li>\n<li>Determinaci\u00f3n niveles pro-BNP por diagn\u00f3stico descompensaci\u00f3n insuficiencia card\u00edaca.<\/li>\n<li>Determinaci\u00f3n niveles de D-d\u00edmero por diagn\u00f3stico de trombosis venosa profunda.<\/li>\n<li>Ecograf\u00eda.<\/li>\n<li>PCR y test de ant\u00edgenos r\u00e1pido (TAR) por diagn\u00f3stico de c\u00f3vido-19.<\/li>\n<\/ul>\n<\/div>\t\t\t\t\t\t\t\t<\/div>\n\t\t\t\t<\/div>\n\t\t\t\t\t<\/div>\n\t\t<\/div>\n\t\t\t\t\t<\/div>\n\t\t<\/section>\n\t\t\t\t\t<\/div>\n\t\t<\/div>\n\t\t\t\t\t<\/div>\n\t\t<\/section>\n\t\t\t\t<\/div>\n\t\t","protected":false},"excerpt":{"rendered":"<p>Cartera de servicios Procedimientos terap\u00e9uticos y t\u00e9cnicas Se realizar\u00e1n por el personal sanitario e incluyen: Suturas, cuidados y tratamiento de \u00falceras cut\u00e1neas. Administraci\u00f3n de inyectables. Vacunas seg\u00fan calendario. Seguimiento de tratamiento con anticoagulantes orales con determinaci\u00f3n INR mediante sangre capilar y coordinaci\u00f3n con especializada. Extracci\u00f3n de sangre y obtenci\u00f3n de muestras biol\u00f3gicas. Extracci\u00f3n de tapones [&hellip;]<\/p>\n","protected":false},"author":1,"featured_media":0,"parent":95711,"menu_order":2,"comment_status":"closed","ping_status":"closed","template":"elementor_header_footer","meta":{"site-sidebar-layout":"no-sidebar","site-content-layout":"page-builder","ast-site-content-layout":"default","site-content-style":"default","site-sidebar-style":"default","ast-global-header-display":"","ast-banner-title-visibility":"","ast-main-header-display":"","ast-hfb-above-header-display":"","ast-hfb-below-header-display":"","ast-hfb-mobile-header-display":"","site-post-title":"disabled","ast-breadcrumbs-content":"","ast-featured-img":"disabled","footer-sml-layout":"","ast-disable-related-posts":"","theme-transparent-header-meta":"","adv-header-id-meta":"","stick-header-meta":"","header-above-stick-meta":"","header-main-stick-meta":"","header-below-stick-meta":"","astra-migrate-meta-layouts":"default","ast-page-background-enabled":"default","ast-page-background-meta":{"desktop":{"background-color":"","background-image":"","background-repeat":"repeat","background-position":"center center","background-size":"auto","background-attachment":"scroll","background-type":"","background-media":"","overlay-type":"","overlay-color":"","overlay-opacity":"","overlay-gradient":""},"tablet":{"background-color":"","background-image":"","background-repeat":"repeat","background-position":"center center","background-size":"auto","background-attachment":"scroll","background-type":"","background-media":"","overlay-type":"","overlay-color":"","overlay-opacity":"","overlay-gradient":""},"mobile":{"background-color":"","background-image":"","background-repeat":"repeat","background-position":"center center","background-size":"auto","background-attachment":"scroll","background-type":"","background-media":"","overlay-type":"","overlay-color":"","overlay-opacity":"","overlay-gradient":""}},"ast-content-background-meta":{"desktop":{"background-color":"var(--ast-global-color-5)","background-image":"","background-repeat":"repeat","background-position":"center center","background-size":"auto","background-attachment":"scroll","background-type":"","background-media":"","overlay-type":"","overlay-color":"","overlay-opacity":"","overlay-gradient":""},"tablet":{"background-color":"var(--ast-global-color-5)","background-image":"","background-repeat":"repeat","background-position":"center center","background-size":"auto","background-attachment":"scroll","background-type":"","background-media":"","overlay-type":"","overlay-color":"","overlay-opacity":"","overlay-gradient":""},"mobile":{"background-color":"var(--ast-global-color-5)","background-image":"","background-repeat":"repeat","background-position":"center center","background-size":"auto","background-attachment":"scroll","background-type":"","background-media":"","overlay-type":"","overlay-color":"","overlay-opacity":"","overlay-gradient":""}},"footnotes":""},"class_list":["post-95869","page","type-page","status-publish","hentry"],"yoast_head":"<!-- This site is optimized with the Yoast SEO plugin v27.3 - https:\/\/yoast.com\/product\/yoast-seo-wordpress\/ -->\n<title>Procedimientos terap\u00e9uticos y t\u00e9cnicas - Atenci\u00f3 Prim\u00e0ria Vallcarca - Sant Gervasi<\/title>\n<meta name=\"robots\" content=\"index, follow, max-snippet:-1, max-image-preview:large, max-video-preview:-1\" \/>\n<link rel=\"canonical\" href=\"https:\/\/aprimariavsg.com\/el-teu-cap\/cartera-de-serveis\/procediments-terapeutics-i-tecniques\/\" \/>\n<meta property=\"og:locale\" content=\"es_ES\" \/>\n<meta property=\"og:type\" content=\"article\" \/>\n<meta property=\"og:title\" content=\"Procedimientos terap\u00e9uticos y t\u00e9cnicas - Atenci\u00f3 Prim\u00e0ria Vallcarca - Sant Gervasi\" \/>\n<meta property=\"og:description\" content=\"Cartera de servicios Procedimientos terap\u00e9uticos y t\u00e9cnicas Se realizar\u00e1n por el personal sanitario e incluyen: Suturas, cuidados y tratamiento de \u00falceras cut\u00e1neas. Administraci\u00f3n de inyectables. Vacunas seg\u00fan calendario. Seguimiento de tratamiento con anticoagulantes orales con determinaci\u00f3n INR mediante sangre capilar y coordinaci\u00f3n con especializada. Extracci\u00f3n de sangre y obtenci\u00f3n de muestras biol\u00f3gicas. Extracci\u00f3n de tapones [&hellip;]\" \/>\n<meta property=\"og:url\" content=\"https:\/\/aprimariavsg.com\/el-teu-cap\/cartera-de-serveis\/procediments-terapeutics-i-tecniques\/\" \/>\n<meta property=\"og:site_name\" content=\"Atenci\u00f3 Prim\u00e0ria Vallcarca - Sant Gervasi\" \/>\n<meta property=\"article:publisher\" content=\"https:\/\/www.facebook.com\/aprimariavsg\/\" \/>\n<meta property=\"article:modified_time\" content=\"2022-11-15T08:24:07+00:00\" \/>\n<meta name=\"twitter:card\" content=\"summary_large_image\" \/>\n<meta name=\"twitter:site\" content=\"@aprimariavsg\" \/>\n<meta name=\"twitter:label1\" content=\"Tiempo de lectura\" \/>\n\t<meta name=\"twitter:data1\" content=\"1 minuto\" \/>\n<script type=\"application\/ld+json\" class=\"yoast-schema-graph\">{\"@context\":\"https:\\\/\\\/schema.org\",\"@graph\":[{\"@type\":\"WebPage\",\"@id\":\"https:\\\/\\\/aprimariavsg.com\\\/el-teu-cap\\\/cartera-de-serveis\\\/procediments-terapeutics-i-tecniques\\\/\",\"url\":\"https:\\\/\\\/aprimariavsg.com\\\/el-teu-cap\\\/cartera-de-serveis\\\/procediments-terapeutics-i-tecniques\\\/\",\"name\":\"Procedimientos terap\u00e9uticos y t\u00e9cnicas - Atenci\u00f3 Prim\u00e0ria Vallcarca - Sant Gervasi\",\"isPartOf\":{\"@id\":\"https:\\\/\\\/aprimariavsg.com\\\/#website\"},\"datePublished\":\"2022-08-12T08:06:59+00:00\",\"dateModified\":\"2022-11-15T08:24:07+00:00\",\"breadcrumb\":{\"@id\":\"https:\\\/\\\/aprimariavsg.com\\\/el-teu-cap\\\/cartera-de-serveis\\\/procediments-terapeutics-i-tecniques\\\/#breadcrumb\"},\"inLanguage\":\"es\",\"potentialAction\":[{\"@type\":\"ReadAction\",\"target\":[\"https:\\\/\\\/aprimariavsg.com\\\/el-teu-cap\\\/cartera-de-serveis\\\/procediments-terapeutics-i-tecniques\\\/\"]}]},{\"@type\":\"BreadcrumbList\",\"@id\":\"https:\\\/\\\/aprimariavsg.com\\\/el-teu-cap\\\/cartera-de-serveis\\\/procediments-terapeutics-i-tecniques\\\/#breadcrumb\",\"itemListElement\":[{\"@type\":\"ListItem\",\"position\":1,\"name\":\"Inici\",\"item\":\"https:\\\/\\\/aprimariavsg.com\\\/\"},{\"@type\":\"ListItem\",\"position\":2,\"name\":\"Tu CAP\",\"item\":\"https:\\\/\\\/aprimariavsg.com\\\/es\\\/tu-cap\\\/\"},{\"@type\":\"ListItem\",\"position\":3,\"name\":\"Cartera de servicios\",\"item\":\"https:\\\/\\\/aprimariavsg.com\\\/el-teu-cap\\\/cartera-de-serveis\\\/\"},{\"@type\":\"ListItem\",\"position\":4,\"name\":\"Procedimientos terap\u00e9uticos y t\u00e9cnicas\"}]},{\"@type\":\"WebSite\",\"@id\":\"https:\\\/\\\/aprimariavsg.com\\\/#website\",\"url\":\"https:\\\/\\\/aprimariavsg.com\\\/\",\"name\":\"Atenci\u00f3 Prim\u00e0ria Vallcarca - Sant Gervasi\",\"description\":\"Cap Atenci\u00f3 Prim\u00e0ria\",\"publisher\":{\"@id\":\"https:\\\/\\\/aprimariavsg.com\\\/#organization\"},\"potentialAction\":[{\"@type\":\"SearchAction\",\"target\":{\"@type\":\"EntryPoint\",\"urlTemplate\":\"https:\\\/\\\/aprimariavsg.com\\\/?s={search_term_string}\"},\"query-input\":{\"@type\":\"PropertyValueSpecification\",\"valueRequired\":true,\"valueName\":\"search_term_string\"}}],\"inLanguage\":\"es\"},{\"@type\":\"Organization\",\"@id\":\"https:\\\/\\\/aprimariavsg.com\\\/#organization\",\"name\":\"Atenci\u00f3 Prim\u00e0ria Vallcarca - Sant Gervasi\",\"url\":\"https:\\\/\\\/aprimariavsg.com\\\/\",\"logo\":{\"@type\":\"ImageObject\",\"inLanguage\":\"es\",\"@id\":\"https:\\\/\\\/aprimariavsg.com\\\/#\\\/schema\\\/logo\\\/image\\\/\",\"url\":\"https:\\\/\\\/aprimariavsg.com\\\/wp-content\\\/uploads\\\/2021\\\/05\\\/APVSG_logo-horitzontal.png\",\"contentUrl\":\"https:\\\/\\\/aprimariavsg.com\\\/wp-content\\\/uploads\\\/2021\\\/05\\\/APVSG_logo-horitzontal.png\",\"width\":816,\"height\":175,\"caption\":\"Atenci\u00f3 Prim\u00e0ria Vallcarca - Sant Gervasi\"},\"image\":{\"@id\":\"https:\\\/\\\/aprimariavsg.com\\\/#\\\/schema\\\/logo\\\/image\\\/\"},\"sameAs\":[\"https:\\\/\\\/www.facebook.com\\\/aprimariavsg\\\/\",\"https:\\\/\\\/x.com\\\/aprimariavsg\",\"https:\\\/\\\/www.youtube.com\\\/user\\\/aprimariavsg\"]}]}<\/script>\n<!-- \/ Yoast SEO plugin. -->","yoast_head_json":{"title":"Procedimientos terap\u00e9uticos y t\u00e9cnicas - Atenci\u00f3 Prim\u00e0ria Vallcarca - Sant Gervasi","robots":{"index":"index","follow":"follow","max-snippet":"max-snippet:-1","max-image-preview":"max-image-preview:large","max-video-preview":"max-video-preview:-1"},"canonical":"https:\/\/aprimariavsg.com\/el-teu-cap\/cartera-de-serveis\/procediments-terapeutics-i-tecniques\/","og_locale":"es_ES","og_type":"article","og_title":"Procedimientos terap\u00e9uticos y t\u00e9cnicas - Atenci\u00f3 Prim\u00e0ria Vallcarca - Sant Gervasi","og_description":"Cartera de servicios Procedimientos terap\u00e9uticos y t\u00e9cnicas Se realizar\u00e1n por el personal sanitario e incluyen: Suturas, cuidados y tratamiento de \u00falceras cut\u00e1neas. Administraci\u00f3n de inyectables. Vacunas seg\u00fan calendario. Seguimiento de tratamiento con anticoagulantes orales con determinaci\u00f3n INR mediante sangre capilar y coordinaci\u00f3n con especializada. Extracci\u00f3n de sangre y obtenci\u00f3n de muestras biol\u00f3gicas. Extracci\u00f3n de tapones [&hellip;]","og_url":"https:\/\/aprimariavsg.com\/el-teu-cap\/cartera-de-serveis\/procediments-terapeutics-i-tecniques\/","og_site_name":"Atenci\u00f3 Prim\u00e0ria Vallcarca - Sant Gervasi","article_publisher":"https:\/\/www.facebook.com\/aprimariavsg\/","article_modified_time":"2022-11-15T08:24:07+00:00","twitter_card":"summary_large_image","twitter_site":"@aprimariavsg","twitter_misc":{"Tiempo de lectura":"1 minuto"},"schema":{"@context":"https:\/\/schema.org","@graph":[{"@type":"WebPage","@id":"https:\/\/aprimariavsg.com\/el-teu-cap\/cartera-de-serveis\/procediments-terapeutics-i-tecniques\/","url":"https:\/\/aprimariavsg.com\/el-teu-cap\/cartera-de-serveis\/procediments-terapeutics-i-tecniques\/","name":"Procedimientos terap\u00e9uticos y t\u00e9cnicas - Atenci\u00f3 Prim\u00e0ria Vallcarca - Sant Gervasi","isPartOf":{"@id":"https:\/\/aprimariavsg.com\/#website"},"datePublished":"2022-08-12T08:06:59+00:00","dateModified":"2022-11-15T08:24:07+00:00","breadcrumb":{"@id":"https:\/\/aprimariavsg.com\/el-teu-cap\/cartera-de-serveis\/procediments-terapeutics-i-tecniques\/#breadcrumb"},"inLanguage":"es","potentialAction":[{"@type":"ReadAction","target":["https:\/\/aprimariavsg.com\/el-teu-cap\/cartera-de-serveis\/procediments-terapeutics-i-tecniques\/"]}]},{"@type":"BreadcrumbList","@id":"https:\/\/aprimariavsg.com\/el-teu-cap\/cartera-de-serveis\/procediments-terapeutics-i-tecniques\/#breadcrumb","itemListElement":[{"@type":"ListItem","position":1,"name":"Inici","item":"https:\/\/aprimariavsg.com\/"},{"@type":"ListItem","position":2,"name":"Tu CAP","item":"https:\/\/aprimariavsg.com\/es\/tu-cap\/"},{"@type":"ListItem","position":3,"name":"Cartera de servicios","item":"https:\/\/aprimariavsg.com\/el-teu-cap\/cartera-de-serveis\/"},{"@type":"ListItem","position":4,"name":"Procedimientos terap\u00e9uticos y t\u00e9cnicas"}]},{"@type":"WebSite","@id":"https:\/\/aprimariavsg.com\/#website","url":"https:\/\/aprimariavsg.com\/","name":"Atenci\u00f3 Prim\u00e0ria Vallcarca - Sant Gervasi","description":"Cap Atenci\u00f3 Prim\u00e0ria","publisher":{"@id":"https:\/\/aprimariavsg.com\/#organization"},"potentialAction":[{"@type":"SearchAction","target":{"@type":"EntryPoint","urlTemplate":"https:\/\/aprimariavsg.com\/?s={search_term_string}"},"query-input":{"@type":"PropertyValueSpecification","valueRequired":true,"valueName":"search_term_string"}}],"inLanguage":"es"},{"@type":"Organization","@id":"https:\/\/aprimariavsg.com\/#organization","name":"Atenci\u00f3 Prim\u00e0ria Vallcarca - Sant Gervasi","url":"https:\/\/aprimariavsg.com\/","logo":{"@type":"ImageObject","inLanguage":"es","@id":"https:\/\/aprimariavsg.com\/#\/schema\/logo\/image\/","url":"https:\/\/aprimariavsg.com\/wp-content\/uploads\/2021\/05\/APVSG_logo-horitzontal.png","contentUrl":"https:\/\/aprimariavsg.com\/wp-content\/uploads\/2021\/05\/APVSG_logo-horitzontal.png","width":816,"height":175,"caption":"Atenci\u00f3 Prim\u00e0ria Vallcarca - Sant Gervasi"},"image":{"@id":"https:\/\/aprimariavsg.com\/#\/schema\/logo\/image\/"},"sameAs":["https:\/\/www.facebook.com\/aprimariavsg\/","https:\/\/x.com\/aprimariavsg","https:\/\/www.youtube.com\/user\/aprimariavsg"]}]}},"_links":{"self":[{"href":"https:\/\/aprimariavsg.com\/es\/wp-json\/wp\/v2\/pages\/95869","targetHints":{"allow":["GET"]}}],"collection":[{"href":"https:\/\/aprimariavsg.com\/es\/wp-json\/wp\/v2\/pages"}],"about":[{"href":"https:\/\/aprimariavsg.com\/es\/wp-json\/wp\/v2\/types\/page"}],"author":[{"embeddable":true,"href":"https:\/\/aprimariavsg.com\/es\/wp-json\/wp\/v2\/users\/1"}],"replies":[{"embeddable":true,"href":"https:\/\/aprimariavsg.com\/es\/wp-json\/wp\/v2\/comments?post=95869"}],"version-history":[{"count":0,"href":"https:\/\/aprimariavsg.com\/es\/wp-json\/wp\/v2\/pages\/95869\/revisions"}],"up":[{"embeddable":true,"href":"https:\/\/aprimariavsg.com\/es\/wp-json\/wp\/v2\/pages\/95711"}],"wp:attachment":[{"href":"https:\/\/aprimariavsg.com\/es\/wp-json\/wp\/v2\/media?parent=95869"}],"curies":[{"name":"wp","href":"https:\/\/api.w.org\/{rel}","templated":true}]}}