{"id":95738,"date":"2022-07-20T09:57:14","date_gmt":"2022-07-20T09:57:14","guid":{"rendered":"https:\/\/aprimariavsg.com\/info-y-tramites\/tramites-administrativos\/medicacion-cronica\/"},"modified":"2024-10-09T12:08:12","modified_gmt":"2024-10-09T12:08:12","slug":"medicacion-cronica","status":"publish","type":"page","link":"https:\/\/aprimariavsg.com\/es\/info-y-tramites\/tramites-administrativos\/medicacion-cronica\/","title":{"rendered":"Medicaci\u00f3n cr\u00f3nica"},"content":{"rendered":"\t\t<div data-elementor-type=\"wp-page\" data-elementor-id=\"95738\" class=\"elementor elementor-95738 elementor-86684\" data-elementor-post-type=\"page\">\n\t\t\t\t\t\t<section class=\"elementor-section elementor-top-section elementor-element elementor-element-fd3f764 elementor-section-height-min-height elementor-section-items-bottom elementor-section-boxed elementor-section-height-default\" data-id=\"fd3f764\" data-element_type=\"section\" data-e-type=\"section\" data-settings=\"{&quot;background_background&quot;:&quot;classic&quot;,&quot;shape_divider_bottom&quot;:&quot;curve&quot;,&quot;shape_divider_bottom_negative&quot;:&quot;yes&quot;}\">\n\t\t\t\t\t\t\t<div class=\"elementor-background-overlay\"><\/div>\n\t\t\t\t\t\t<div class=\"elementor-shape elementor-shape-bottom\" aria-hidden=\"true\" data-negative=\"true\">\n\t\t\t<svg xmlns=\"http:\/\/www.w3.org\/2000\/svg\" viewBox=\"0 0 1000 100\" preserveAspectRatio=\"none\">\n\t<path class=\"elementor-shape-fill\" d=\"M500,97C126.7,96.3,0.8,19.8,0,0v100l1000,0V1C1000,19.4,873.3,97.8,500,97z\"\/>\n<\/svg>\t\t<\/div>\n\t\t\t\t\t<div class=\"elementor-container elementor-column-gap-default\">\n\t\t\t\t\t<div class=\"elementor-column elementor-col-100 elementor-top-column elementor-element elementor-element-69d5e78\" data-id=\"69d5e78\" data-element_type=\"column\" data-e-type=\"column\">\n\t\t\t<div class=\"elementor-widget-wrap\">\n\t\t\t\t\t\t\t<\/div>\n\t\t<\/div>\n\t\t\t\t\t<\/div>\n\t\t<\/section>\n\t\t\t\t<section class=\"elementor-section elementor-top-section elementor-element elementor-element-312438f elementor-section-boxed elementor-section-height-default elementor-section-height-default\" data-id=\"312438f\" data-element_type=\"section\" data-e-type=\"section\" data-settings=\"{&quot;background_background&quot;:&quot;classic&quot;}\">\n\t\t\t\t\t\t<div class=\"elementor-container elementor-column-gap-default\">\n\t\t\t\t\t<div class=\"elementor-column elementor-col-100 elementor-top-column elementor-element elementor-element-b617347\" data-id=\"b617347\" data-element_type=\"column\" data-e-type=\"column\">\n\t\t\t<div class=\"elementor-widget-wrap elementor-element-populated\">\n\t\t\t\t\t\t<div class=\"elementor-element elementor-element-0a1fc31 elementor-widget elementor-widget-heading\" data-id=\"0a1fc31\" data-element_type=\"widget\" data-e-type=\"widget\" data-widget_type=\"heading.default\">\n\t\t\t\t<div class=\"elementor-widget-container\">\n\t\t\t\t\t<h6 class=\"elementor-heading-title elementor-size-default\">Tr\u00e1mites administrativos<\/h6>\t\t\t\t<\/div>\n\t\t\t\t<\/div>\n\t\t\t\t<div class=\"elementor-element elementor-element-db4c28c elementor-widget elementor-widget-heading\" data-id=\"db4c28c\" data-element_type=\"widget\" data-e-type=\"widget\" data-widget_type=\"heading.default\">\n\t\t\t\t<div class=\"elementor-widget-container\">\n\t\t\t\t\t<h2 class=\"elementor-heading-title elementor-size-default\">Medicaci\u00f3n cr\u00f3nica<\/h2>\t\t\t\t<\/div>\n\t\t\t\t<\/div>\n\t\t\t\t\t<\/div>\n\t\t<\/div>\n\t\t\t\t\t<\/div>\n\t\t<\/section>\n\t\t\t\t<section class=\"elementor-section elementor-top-section elementor-element elementor-element-c4c5d05 elementor-section-boxed elementor-section-height-default elementor-section-height-default\" data-id=\"c4c5d05\" data-element_type=\"section\" data-e-type=\"section\" data-settings=\"{&quot;background_background&quot;:&quot;classic&quot;}\">\n\t\t\t\t\t\t<div class=\"elementor-container elementor-column-gap-default\">\n\t\t\t\t\t<div class=\"elementor-column elementor-col-100 elementor-top-column elementor-element elementor-element-3c0f72b\" data-id=\"3c0f72b\" data-element_type=\"column\" data-e-type=\"column\">\n\t\t\t<div class=\"elementor-widget-wrap elementor-element-populated\">\n\t\t\t\t\t\t<div class=\"elementor-element elementor-element-9a228cc elementor-widget elementor-widget-text-editor\" data-id=\"9a228cc\" data-element_type=\"widget\" data-e-type=\"widget\" data-widget_type=\"text-editor.default\">\n\t\t\t\t<div class=\"elementor-widget-container\">\n\t\t\t\t\t\t\t\t\t<p><i>La medicaci\u00f3n cr\u00f3nica es aquella que el paciente debe tomar de forma regular y prolongada.<\/i><\/p>\n\t\t\t\t\t\t\t\t<\/div>\n\t\t\t\t<\/div>\n\t\t\t\t<div class=\"elementor-element elementor-element-34179de elementor-widget elementor-widget-text-editor\" data-id=\"34179de\" data-element_type=\"widget\" data-e-type=\"widget\" data-widget_type=\"text-editor.default\">\n\t\t\t\t<div class=\"elementor-widget-container\">\n\t\t\t\t\t\t\t\t\t<p>Nuestro centro trabaja en formato de receta electr\u00f3nica. La <b>receta electr\u00f3nica<\/b> permite a los pacientes recoger su medicaci\u00f3n en la <b>farmacia<\/b> de forma directa, sin necesidad de pasar por el centro. Actualmente, no es necesario presentar la copia de la receta electr\u00f3nica en la farmacia para adquirir la medicaci\u00f3n, basta <b>con presentar la tarjeta sanitaria individual.<\/b><\/p><p>La receta electr\u00f3nica debe <b>renovarse anualmente<\/b>. <span style=\"color: #0e4666;\">Si no hay ning\u00fan cambio de medicaci\u00f3n, no es necesaria una visita m\u00e9dica<\/span>, el equipo administrativo pasar\u00e1 aviso a su m\u00e9dico de referencia y en 72 horas tendr\u00e1 el nuevo plan de medicaci\u00f3n disponible. Si es necesario realizar alguna modificaci\u00f3n, contacte con el personal de Atenci\u00f3n al Usuario, para valorar si es necesario programar una visita con su m\u00e9dico de referencia.<\/p><p>Si dispone del servicio <strong>online<\/strong> <a href=\"https:\/\/lamevasalut.gencat.cat\/web\/cps\/welcome\" target=\"_blank\" rel=\"noopener\">La Meva Salut<\/a> puede descargarse una copia de su receta electr\u00f3nica mediante esta plataforma. Puede darse de alta en el servicio mediante <a href=\"https:\/\/lamevasalut.gencat.cat\/web\/cps\/registra-t?queueittoken=e_lmsr~q_591467a8-886b-4390-9964-d6626770de16~ts_1663574497~ce_true~rt_safetynet~h_2883965d0f7fd3518a717b4dc762a39b27cb56b203e250fbc5976c62ebd06545\" target=\"_blank\" rel=\"noopener\">el formulario online<\/a> de la propia plataforma o a trav\u00e9s del tel\u00e9fono 900 053 723.<\/p>\t\t\t\t\t\t\t\t<\/div>\n\t\t\t\t<\/div>\n\t\t\t\t\t<\/div>\n\t\t<\/div>\n\t\t\t\t\t<\/div>\n\t\t<\/section>\n\t\t\t\t<section class=\"elementor-section elementor-top-section elementor-element elementor-element-bd46312 elementor-section-boxed elementor-section-height-default elementor-section-height-default\" data-id=\"bd46312\" data-element_type=\"section\" data-e-type=\"section\" data-settings=\"{&quot;background_background&quot;:&quot;classic&quot;}\">\n\t\t\t\t\t\t<div class=\"elementor-container elementor-column-gap-default\">\n\t\t\t\t\t<div class=\"elementor-column elementor-col-50 elementor-top-column elementor-element elementor-element-369894e\" data-id=\"369894e\" data-element_type=\"column\" data-e-type=\"column\">\n\t\t\t<div class=\"elementor-widget-wrap elementor-element-populated\">\n\t\t\t\t\t\t<div class=\"elementor-element elementor-element-834c9ca elementor-widget elementor-widget-text-editor\" data-id=\"834c9ca\" data-element_type=\"widget\" data-e-type=\"widget\" data-widget_type=\"text-editor.default\">\n\t\t\t\t<div class=\"elementor-widget-container\">\n\t\t\t\t\t\t\t\t\t<p>Si su m\u00e9dico no le ha entregado su hoja de medicaci\u00f3n y no puede acceder a Mi Salud, puede contactar con la Unidad de Atenci\u00f3n al Usuario de nuestro centro:<\/p>\t\t\t\t\t\t\t\t<\/div>\n\t\t\t\t<\/div>\n\t\t\t\t<div class=\"elementor-element elementor-element-80ad8f6 elementor-view-stacked elementor-position-inline-start elementor-mobile-position-inline-start elementor-shape-circle elementor-widget elementor-widget-icon-box\" data-id=\"80ad8f6\" data-element_type=\"widget\" data-e-type=\"widget\" data-widget_type=\"icon-box.default\">\n\t\t\t\t<div class=\"elementor-widget-container\">\n\t\t\t\t\t\t\t<div class=\"elementor-icon-box-wrapper\">\n\n\t\t\t\t\t\t<div class=\"elementor-icon-box-icon\">\n\t\t\t\t<span  class=\"elementor-icon\">\n\t\t\t\t<i aria-hidden=\"true\" class=\"material-icons md-access_time_filled\" data-md-icon=\"access_time_filled\"><\/i>\t\t\t\t<\/span>\n\t\t\t<\/div>\n\t\t\t\n\t\t\t\t\t\t<div class=\"elementor-icon-box-content\">\n\n\t\t\t\t\n\t\t\t\t\t\t\t\t\t<p class=\"elementor-icon-box-description\">\n\t\t\t\t\t\tDe lunes a viernes de 8 a 19:30 h\t\t\t\t\t<\/p>\n\t\t\t\t\n\t\t\t<\/div>\n\t\t\t\n\t\t<\/div>\n\t\t\t\t\t\t<\/div>\n\t\t\t\t<\/div>\n\t\t\t\t<div class=\"elementor-element elementor-element-446ac8c elementor-view-stacked elementor-position-inline-start elementor-mobile-position-inline-start elementor-shape-circle elementor-widget elementor-widget-icon-box\" data-id=\"446ac8c\" data-element_type=\"widget\" data-e-type=\"widget\" data-widget_type=\"icon-box.default\">\n\t\t\t\t<div class=\"elementor-widget-container\">\n\t\t\t\t\t\t\t<div class=\"elementor-icon-box-wrapper\">\n\n\t\t\t\t\t\t<div class=\"elementor-icon-box-icon\">\n\t\t\t\t<span  class=\"elementor-icon\">\n\t\t\t\t<i aria-hidden=\"true\" class=\"material-icons md-local_phone\" data-md-icon=\"local_phone\"><\/i>\t\t\t\t<\/span>\n\t\t\t<\/div>\n\t\t\t\n\t\t\t\t\t\t<div class=\"elementor-icon-box-content\">\n\n\t\t\t\t\n\t\t\t\t\t\t\t\t\t<p class=\"elementor-icon-box-description\">\n\t\t\t\t\t\t93 259 44 22 | 93 259 44 11\t\t\t\t\t<\/p>\n\t\t\t\t\n\t\t\t<\/div>\n\t\t\t\n\t\t<\/div>\n\t\t\t\t\t\t<\/div>\n\t\t\t\t<\/div>\n\t\t\t\t\t<\/div>\n\t\t<\/div>\n\t\t\t\t<div class=\"elementor-column elementor-col-50 elementor-top-column elementor-element elementor-element-7ff8203\" data-id=\"7ff8203\" data-element_type=\"column\" data-e-type=\"column\">\n\t\t\t<div class=\"elementor-widget-wrap elementor-element-populated\">\n\t\t\t\t\t\t<div class=\"elementor-element elementor-element-1b4d63b elementor-widget elementor-widget-text-editor\" data-id=\"1b4d63b\" data-element_type=\"widget\" data-e-type=\"widget\" data-widget_type=\"text-editor.default\">\n\t\t\t\t<div class=\"elementor-widget-container\">\n\t\t\t\t\t\t\t\t\t<p><b>Desplazamientos entre comunidades aut\u00f3nomas<\/b>: se ha completado la <span style=\"text-decoration: underline;\">interoperabilidad estatal<\/span> de la <b>receta electr\u00f3nica<\/b>, que permite la dispensaci\u00f3n en las oficinas de farmacia del Estado de una receta electr\u00f3nica emitida en otra comunidad aut\u00f3noma.<\/p><p><span style=\"background-color: var( --e-global-color-fe87189 ); color: var( --e-global-color-text ); font-family: var( --e-global-typography-text-font-family ), Sans-serif; font-style: inherit; font-weight: inherit; letter-spacing: var( --e-global-typography-text-letter-spacing ); text-transform: var( --e-global-typography-text-text-transform );\">Durante el per\u00edodo de crisis sanitaria debida a la epidemia de Covid-19, es posible <strong>recoger la medicaci\u00f3n en la farmacia s\u00f3lo con la tarjeta sanitaria<\/strong>, sin necesidad de presentar una copia del plan de medicaci\u00f3n vigente.<\/span><\/p>\t\t\t\t\t\t\t\t<\/div>\n\t\t\t\t<\/div>\n\t\t\t\t\t<\/div>\n\t\t<\/div>\n\t\t\t\t\t<\/div>\n\t\t<\/section>\n\t\t\t\t<\/div>\n\t\t","protected":false},"excerpt":{"rendered":"<p>Tr\u00e1mites administrativos Medicaci\u00f3n cr\u00f3nica La medicaci\u00f3n cr\u00f3nica es aquella que el paciente debe tomar de forma regular y prolongada. Nuestro centro trabaja en formato de receta electr\u00f3nica. La receta electr\u00f3nica permite a los pacientes recoger su medicaci\u00f3n en la farmacia de forma directa, sin necesidad de pasar por el centro. Actualmente, no es necesario presentar [&hellip;]<\/p>\n","protected":false},"author":1,"featured_media":0,"parent":99449,"menu_order":7,"comment_status":"closed","ping_status":"closed","template":"elementor_header_footer","meta":{"site-sidebar-layout":"no-sidebar","site-content-layout":"page-builder","ast-site-content-layout":"default","site-content-style":"default","site-sidebar-style":"default","ast-global-header-display":"","ast-banner-title-visibility":"","ast-main-header-display":"","ast-hfb-above-header-display":"","ast-hfb-below-header-display":"","ast-hfb-mobile-header-display":"","site-post-title":"disabled","ast-breadcrumbs-content":"","ast-featured-img":"disabled","footer-sml-layout":"","ast-disable-related-posts":"","theme-transparent-header-meta":"","adv-header-id-meta":"","stick-header-meta":"","header-above-stick-meta":"","header-main-stick-meta":"","header-below-stick-meta":"","astra-migrate-meta-layouts":"default","ast-page-background-enabled":"default","ast-page-background-meta":{"desktop":{"background-color":"","background-image":"","background-repeat":"repeat","background-position":"center center","background-size":"auto","background-attachment":"scroll","background-type":"","background-media":"","overlay-type":"","overlay-color":"","overlay-opacity":"","overlay-gradient":""},"tablet":{"background-color":"","background-image":"","background-repeat":"repeat","background-position":"center center","background-size":"auto","background-attachment":"scroll","background-type":"","background-media":"","overlay-type":"","overlay-color":"","overlay-opacity":"","overlay-gradient":""},"mobile":{"background-color":"","background-image":"","background-repeat":"repeat","background-position":"center center","background-size":"auto","background-attachment":"scroll","background-type":"","background-media":"","overlay-type":"","overlay-color":"","overlay-opacity":"","overlay-gradient":""}},"ast-content-background-meta":{"desktop":{"background-color":"var(--ast-global-color-5)","background-image":"","background-repeat":"repeat","background-position":"center center","background-size":"auto","background-attachment":"scroll","background-type":"","background-media":"","overlay-type":"","overlay-color":"","overlay-opacity":"","overlay-gradient":""},"tablet":{"background-color":"var(--ast-global-color-5)","background-image":"","background-repeat":"repeat","background-position":"center center","background-size":"auto","background-attachment":"scroll","background-type":"","background-media":"","overlay-type":"","overlay-color":"","overlay-opacity":"","overlay-gradient":""},"mobile":{"background-color":"var(--ast-global-color-5)","background-image":"","background-repeat":"repeat","background-position":"center center","background-size":"auto","background-attachment":"scroll","background-type":"","background-media":"","overlay-type":"","overlay-color":"","overlay-opacity":"","overlay-gradient":""}},"footnotes":""},"class_list":["post-95738","page","type-page","status-publish","hentry"],"yoast_head":"<!-- This site is optimized with the Yoast SEO plugin v27.5 - https:\/\/yoast.com\/product\/yoast-seo-wordpress\/ -->\n<title>Medicaci\u00f3n cr\u00f3nica - Atenci\u00f3 Prim\u00e0ria Vallcarca - Sant Gervasi<\/title>\n<meta name=\"robots\" content=\"index, follow, max-snippet:-1, max-image-preview:large, max-video-preview:-1\" \/>\n<link rel=\"canonical\" href=\"https:\/\/aprimariavsg.com\/es\/info-y-tramites\/tramites-administrativos\/medicacion-cronica\/\" \/>\n<meta property=\"og:locale\" content=\"es_ES\" \/>\n<meta property=\"og:type\" content=\"article\" \/>\n<meta property=\"og:title\" content=\"Medicaci\u00f3n cr\u00f3nica - Atenci\u00f3 Prim\u00e0ria Vallcarca - Sant Gervasi\" \/>\n<meta property=\"og:description\" content=\"Tr\u00e1mites administrativos Medicaci\u00f3n cr\u00f3nica La medicaci\u00f3n cr\u00f3nica es aquella que el paciente debe tomar de forma regular y prolongada. Nuestro centro trabaja en formato de receta electr\u00f3nica. La receta electr\u00f3nica permite a los pacientes recoger su medicaci\u00f3n en la farmacia de forma directa, sin necesidad de pasar por el centro. Actualmente, no es necesario presentar [&hellip;]\" \/>\n<meta property=\"og:url\" content=\"https:\/\/aprimariavsg.com\/es\/info-y-tramites\/tramites-administrativos\/medicacion-cronica\/\" \/>\n<meta property=\"og:site_name\" content=\"Atenci\u00f3 Prim\u00e0ria Vallcarca - Sant Gervasi\" \/>\n<meta property=\"article:publisher\" content=\"https:\/\/www.facebook.com\/aprimariavsg\/\" \/>\n<meta property=\"article:modified_time\" content=\"2024-10-09T12:08:12+00:00\" \/>\n<meta name=\"twitter:card\" content=\"summary_large_image\" \/>\n<meta name=\"twitter:site\" content=\"@aprimariavsg\" \/>\n<meta name=\"twitter:label1\" content=\"Tiempo de lectura\" \/>\n\t<meta name=\"twitter:data1\" content=\"2 minutos\" \/>\n<script type=\"application\/ld+json\" class=\"yoast-schema-graph\">{\"@context\":\"https:\\\/\\\/schema.org\",\"@graph\":[{\"@type\":\"WebPage\",\"@id\":\"https:\\\/\\\/aprimariavsg.com\\\/es\\\/info-y-tramites\\\/tramites-administrativos\\\/medicacion-cronica\\\/\",\"url\":\"https:\\\/\\\/aprimariavsg.com\\\/es\\\/info-y-tramites\\\/tramites-administrativos\\\/medicacion-cronica\\\/\",\"name\":\"Medicaci\u00f3n cr\u00f3nica - Atenci\u00f3 Prim\u00e0ria Vallcarca - Sant Gervasi\",\"isPartOf\":{\"@id\":\"https:\\\/\\\/aprimariavsg.com\\\/es\\\/#website\"},\"datePublished\":\"2022-07-20T09:57:14+00:00\",\"dateModified\":\"2024-10-09T12:08:12+00:00\",\"breadcrumb\":{\"@id\":\"https:\\\/\\\/aprimariavsg.com\\\/es\\\/info-y-tramites\\\/tramites-administrativos\\\/medicacion-cronica\\\/#breadcrumb\"},\"inLanguage\":\"es\",\"potentialAction\":[{\"@type\":\"ReadAction\",\"target\":[\"https:\\\/\\\/aprimariavsg.com\\\/es\\\/info-y-tramites\\\/tramites-administrativos\\\/medicacion-cronica\\\/\"]}]},{\"@type\":\"BreadcrumbList\",\"@id\":\"https:\\\/\\\/aprimariavsg.com\\\/es\\\/info-y-tramites\\\/tramites-administrativos\\\/medicacion-cronica\\\/#breadcrumb\",\"itemListElement\":[{\"@type\":\"ListItem\",\"position\":1,\"name\":\"Inici\",\"item\":\"https:\\\/\\\/aprimariavsg.com\\\/es\\\/\"},{\"@type\":\"ListItem\",\"position\":2,\"name\":\"Info y tr\u00e1mites\",\"item\":\"https:\\\/\\\/aprimariavsg.com\\\/es\\\/info-y-tramites-2\\\/\"},{\"@type\":\"ListItem\",\"position\":3,\"name\":\"Tr\u00e1mites administrativos\",\"item\":\"https:\\\/\\\/aprimariavsg.com\\\/es\\\/info-i-tramits\\\/tramits-administratius\\\/\"},{\"@type\":\"ListItem\",\"position\":4,\"name\":\"Medicaci\u00f3n cr\u00f3nica\"}]},{\"@type\":\"WebSite\",\"@id\":\"https:\\\/\\\/aprimariavsg.com\\\/es\\\/#website\",\"url\":\"https:\\\/\\\/aprimariavsg.com\\\/es\\\/\",\"name\":\"Atenci\u00f3 Prim\u00e0ria Vallcarca - Sant Gervasi\",\"description\":\"Cap Atenci\u00f3 Prim\u00e0ria\",\"publisher\":{\"@id\":\"https:\\\/\\\/aprimariavsg.com\\\/es\\\/#organization\"},\"potentialAction\":[{\"@type\":\"SearchAction\",\"target\":{\"@type\":\"EntryPoint\",\"urlTemplate\":\"https:\\\/\\\/aprimariavsg.com\\\/es\\\/?s={search_term_string}\"},\"query-input\":{\"@type\":\"PropertyValueSpecification\",\"valueRequired\":true,\"valueName\":\"search_term_string\"}}],\"inLanguage\":\"es\"},{\"@type\":\"Organization\",\"@id\":\"https:\\\/\\\/aprimariavsg.com\\\/es\\\/#organization\",\"name\":\"Atenci\u00f3 Prim\u00e0ria Vallcarca - Sant Gervasi\",\"url\":\"https:\\\/\\\/aprimariavsg.com\\\/es\\\/\",\"logo\":{\"@type\":\"ImageObject\",\"inLanguage\":\"es\",\"@id\":\"https:\\\/\\\/aprimariavsg.com\\\/es\\\/#\\\/schema\\\/logo\\\/image\\\/\",\"url\":\"https:\\\/\\\/aprimariavsg.com\\\/wp-content\\\/uploads\\\/2021\\\/05\\\/APVSG_logo-horitzontal.png\",\"contentUrl\":\"https:\\\/\\\/aprimariavsg.com\\\/wp-content\\\/uploads\\\/2021\\\/05\\\/APVSG_logo-horitzontal.png\",\"width\":816,\"height\":175,\"caption\":\"Atenci\u00f3 Prim\u00e0ria Vallcarca - Sant Gervasi\"},\"image\":{\"@id\":\"https:\\\/\\\/aprimariavsg.com\\\/es\\\/#\\\/schema\\\/logo\\\/image\\\/\"},\"sameAs\":[\"https:\\\/\\\/www.facebook.com\\\/aprimariavsg\\\/\",\"https:\\\/\\\/x.com\\\/aprimariavsg\",\"https:\\\/\\\/www.youtube.com\\\/user\\\/aprimariavsg\"]}]}<\/script>\n<!-- \/ Yoast SEO plugin. -->","yoast_head_json":{"title":"Medicaci\u00f3n cr\u00f3nica - Atenci\u00f3 Prim\u00e0ria Vallcarca - Sant Gervasi","robots":{"index":"index","follow":"follow","max-snippet":"max-snippet:-1","max-image-preview":"max-image-preview:large","max-video-preview":"max-video-preview:-1"},"canonical":"https:\/\/aprimariavsg.com\/es\/info-y-tramites\/tramites-administrativos\/medicacion-cronica\/","og_locale":"es_ES","og_type":"article","og_title":"Medicaci\u00f3n cr\u00f3nica - Atenci\u00f3 Prim\u00e0ria Vallcarca - Sant Gervasi","og_description":"Tr\u00e1mites administrativos Medicaci\u00f3n cr\u00f3nica La medicaci\u00f3n cr\u00f3nica es aquella que el paciente debe tomar de forma regular y prolongada. Nuestro centro trabaja en formato de receta electr\u00f3nica. La receta electr\u00f3nica permite a los pacientes recoger su medicaci\u00f3n en la farmacia de forma directa, sin necesidad de pasar por el centro. Actualmente, no es necesario presentar [&hellip;]","og_url":"https:\/\/aprimariavsg.com\/es\/info-y-tramites\/tramites-administrativos\/medicacion-cronica\/","og_site_name":"Atenci\u00f3 Prim\u00e0ria Vallcarca - Sant Gervasi","article_publisher":"https:\/\/www.facebook.com\/aprimariavsg\/","article_modified_time":"2024-10-09T12:08:12+00:00","twitter_card":"summary_large_image","twitter_site":"@aprimariavsg","twitter_misc":{"Tiempo de lectura":"2 minutos"},"schema":{"@context":"https:\/\/schema.org","@graph":[{"@type":"WebPage","@id":"https:\/\/aprimariavsg.com\/es\/info-y-tramites\/tramites-administrativos\/medicacion-cronica\/","url":"https:\/\/aprimariavsg.com\/es\/info-y-tramites\/tramites-administrativos\/medicacion-cronica\/","name":"Medicaci\u00f3n cr\u00f3nica - Atenci\u00f3 Prim\u00e0ria Vallcarca - Sant Gervasi","isPartOf":{"@id":"https:\/\/aprimariavsg.com\/es\/#website"},"datePublished":"2022-07-20T09:57:14+00:00","dateModified":"2024-10-09T12:08:12+00:00","breadcrumb":{"@id":"https:\/\/aprimariavsg.com\/es\/info-y-tramites\/tramites-administrativos\/medicacion-cronica\/#breadcrumb"},"inLanguage":"es","potentialAction":[{"@type":"ReadAction","target":["https:\/\/aprimariavsg.com\/es\/info-y-tramites\/tramites-administrativos\/medicacion-cronica\/"]}]},{"@type":"BreadcrumbList","@id":"https:\/\/aprimariavsg.com\/es\/info-y-tramites\/tramites-administrativos\/medicacion-cronica\/#breadcrumb","itemListElement":[{"@type":"ListItem","position":1,"name":"Inici","item":"https:\/\/aprimariavsg.com\/es\/"},{"@type":"ListItem","position":2,"name":"Info y tr\u00e1mites","item":"https:\/\/aprimariavsg.com\/es\/info-y-tramites-2\/"},{"@type":"ListItem","position":3,"name":"Tr\u00e1mites administrativos","item":"https:\/\/aprimariavsg.com\/es\/info-i-tramits\/tramits-administratius\/"},{"@type":"ListItem","position":4,"name":"Medicaci\u00f3n cr\u00f3nica"}]},{"@type":"WebSite","@id":"https:\/\/aprimariavsg.com\/es\/#website","url":"https:\/\/aprimariavsg.com\/es\/","name":"Atenci\u00f3 Prim\u00e0ria Vallcarca - Sant Gervasi","description":"Cap Atenci\u00f3 Prim\u00e0ria","publisher":{"@id":"https:\/\/aprimariavsg.com\/es\/#organization"},"potentialAction":[{"@type":"SearchAction","target":{"@type":"EntryPoint","urlTemplate":"https:\/\/aprimariavsg.com\/es\/?s={search_term_string}"},"query-input":{"@type":"PropertyValueSpecification","valueRequired":true,"valueName":"search_term_string"}}],"inLanguage":"es"},{"@type":"Organization","@id":"https:\/\/aprimariavsg.com\/es\/#organization","name":"Atenci\u00f3 Prim\u00e0ria Vallcarca - Sant Gervasi","url":"https:\/\/aprimariavsg.com\/es\/","logo":{"@type":"ImageObject","inLanguage":"es","@id":"https:\/\/aprimariavsg.com\/es\/#\/schema\/logo\/image\/","url":"https:\/\/aprimariavsg.com\/wp-content\/uploads\/2021\/05\/APVSG_logo-horitzontal.png","contentUrl":"https:\/\/aprimariavsg.com\/wp-content\/uploads\/2021\/05\/APVSG_logo-horitzontal.png","width":816,"height":175,"caption":"Atenci\u00f3 Prim\u00e0ria Vallcarca - Sant Gervasi"},"image":{"@id":"https:\/\/aprimariavsg.com\/es\/#\/schema\/logo\/image\/"},"sameAs":["https:\/\/www.facebook.com\/aprimariavsg\/","https:\/\/x.com\/aprimariavsg","https:\/\/www.youtube.com\/user\/aprimariavsg"]}]}},"_links":{"self":[{"href":"https:\/\/aprimariavsg.com\/es\/wp-json\/wp\/v2\/pages\/95738","targetHints":{"allow":["GET"]}}],"collection":[{"href":"https:\/\/aprimariavsg.com\/es\/wp-json\/wp\/v2\/pages"}],"about":[{"href":"https:\/\/aprimariavsg.com\/es\/wp-json\/wp\/v2\/types\/page"}],"author":[{"embeddable":true,"href":"https:\/\/aprimariavsg.com\/es\/wp-json\/wp\/v2\/users\/1"}],"replies":[{"embeddable":true,"href":"https:\/\/aprimariavsg.com\/es\/wp-json\/wp\/v2\/comments?post=95738"}],"version-history":[{"count":3,"href":"https:\/\/aprimariavsg.com\/es\/wp-json\/wp\/v2\/pages\/95738\/revisions"}],"predecessor-version":[{"id":103165,"href":"https:\/\/aprimariavsg.com\/es\/wp-json\/wp\/v2\/pages\/95738\/revisions\/103165"}],"up":[{"embeddable":true,"href":"https:\/\/aprimariavsg.com\/es\/wp-json\/wp\/v2\/pages\/99449"}],"wp:attachment":[{"href":"https:\/\/aprimariavsg.com\/es\/wp-json\/wp\/v2\/media?parent=95738"}],"curies":[{"name":"wp","href":"https:\/\/api.w.org\/{rel}","templated":true}]}}