{"id":95697,"date":"2022-07-20T09:49:27","date_gmt":"2022-07-20T09:49:27","guid":{"rendered":"https:\/\/aprimariavsg.com\/servicios-y-equipo-humano\/trabajo-social\/"},"modified":"2024-10-09T11:55:02","modified_gmt":"2024-10-09T11:55:02","slug":"trabajo-social","status":"publish","type":"page","link":"https:\/\/aprimariavsg.com\/es\/tu-cap\/equipo-humano\/trabajo-social\/","title":{"rendered":"Trabajo social"},"content":{"rendered":"\t\t<div data-elementor-type=\"wp-page\" data-elementor-id=\"95697\" class=\"elementor elementor-95697 elementor-86657\" data-elementor-post-type=\"page\">\n\t\t\t\t\t\t<section class=\"elementor-section elementor-top-section elementor-element elementor-element-9ca661e elementor-section-height-min-height elementor-section-items-bottom elementor-section-boxed elementor-section-height-default\" data-id=\"9ca661e\" data-element_type=\"section\" data-e-type=\"section\" data-settings=\"{&quot;background_background&quot;:&quot;classic&quot;,&quot;shape_divider_bottom&quot;:&quot;curve&quot;,&quot;shape_divider_bottom_negative&quot;:&quot;yes&quot;}\">\n\t\t\t\t\t\t\t<div class=\"elementor-background-overlay\"><\/div>\n\t\t\t\t\t\t<div class=\"elementor-shape elementor-shape-bottom\" aria-hidden=\"true\" data-negative=\"true\">\n\t\t\t<svg xmlns=\"http:\/\/www.w3.org\/2000\/svg\" viewBox=\"0 0 1000 100\" preserveAspectRatio=\"none\">\n\t<path class=\"elementor-shape-fill\" d=\"M500,97C126.7,96.3,0.8,19.8,0,0v100l1000,0V1C1000,19.4,873.3,97.8,500,97z\"\/>\n<\/svg>\t\t<\/div>\n\t\t\t\t\t<div class=\"elementor-container elementor-column-gap-default\">\n\t\t\t\t\t<div class=\"elementor-column elementor-col-100 elementor-top-column elementor-element elementor-element-79339a7\" data-id=\"79339a7\" data-element_type=\"column\" data-e-type=\"column\">\n\t\t\t<div class=\"elementor-widget-wrap\">\n\t\t\t\t\t\t\t<\/div>\n\t\t<\/div>\n\t\t\t\t\t<\/div>\n\t\t<\/section>\n\t\t\t\t<section class=\"elementor-section elementor-top-section elementor-element elementor-element-a6a8d8c elementor-section-boxed elementor-section-height-default elementor-section-height-default\" data-id=\"a6a8d8c\" data-element_type=\"section\" data-e-type=\"section\" data-settings=\"{&quot;background_background&quot;:&quot;classic&quot;}\">\n\t\t\t\t\t\t<div class=\"elementor-container elementor-column-gap-default\">\n\t\t\t\t\t<div class=\"elementor-column elementor-col-100 elementor-top-column elementor-element elementor-element-f9a644d\" data-id=\"f9a644d\" data-element_type=\"column\" data-e-type=\"column\">\n\t\t\t<div class=\"elementor-widget-wrap elementor-element-populated\">\n\t\t\t\t\t\t<div class=\"elementor-element elementor-element-69971a6 elementor-widget elementor-widget-heading\" data-id=\"69971a6\" data-element_type=\"widget\" data-e-type=\"widget\" data-widget_type=\"heading.default\">\n\t\t\t\t<div class=\"elementor-widget-container\">\n\t\t\t\t\t<h6 class=\"elementor-heading-title elementor-size-default\">equipo humano<\/h6>\t\t\t\t<\/div>\n\t\t\t\t<\/div>\n\t\t\t\t<div class=\"elementor-element elementor-element-202d6b6 elementor-widget elementor-widget-heading\" data-id=\"202d6b6\" data-element_type=\"widget\" data-e-type=\"widget\" data-widget_type=\"heading.default\">\n\t\t\t\t<div class=\"elementor-widget-container\">\n\t\t\t\t\t<h2 class=\"elementor-heading-title elementor-size-default\">Trabajo social<\/h2>\t\t\t\t<\/div>\n\t\t\t\t<\/div>\n\t\t\t\t\t<\/div>\n\t\t<\/div>\n\t\t\t\t\t<\/div>\n\t\t<\/section>\n\t\t\t\t<section class=\"elementor-section elementor-top-section elementor-element elementor-element-70cfa11 elementor-section-boxed elementor-section-height-default elementor-section-height-default\" data-id=\"70cfa11\" data-element_type=\"section\" data-e-type=\"section\" data-settings=\"{&quot;background_background&quot;:&quot;classic&quot;}\">\n\t\t\t\t\t\t<div class=\"elementor-container elementor-column-gap-default\">\n\t\t\t\t\t<div class=\"elementor-column elementor-col-100 elementor-top-column elementor-element elementor-element-2dab77c\" data-id=\"2dab77c\" data-element_type=\"column\" data-e-type=\"column\">\n\t\t\t<div class=\"elementor-widget-wrap elementor-element-populated\">\n\t\t\t\t\t\t<div class=\"elementor-element elementor-element-6173f47 elementor-widget elementor-widget-text-editor\" data-id=\"6173f47\" data-element_type=\"widget\" data-e-type=\"widget\" data-widget_type=\"text-editor.default\">\n\t\t\t\t<div class=\"elementor-widget-container\">\n\t\t\t\t\t\t\t\t\t<p><i>El trabajo social en nuestro centro tiene la finalidad principal de abordar problem\u00e1ticas sociales que condicionan directa o indirectamente la salud del individuo y la familia, as\u00ed como ofrecer recursos orientados a mejorar la salud de la comunidad.<\/i><\/p>\n\t\t\t\t\t\t\t\t<\/div>\n\t\t\t\t<\/div>\n\t\t\t\t<div class=\"elementor-element elementor-element-964c51b elementor-widget elementor-widget-text-editor\" data-id=\"964c51b\" data-element_type=\"widget\" data-e-type=\"widget\" data-widget_type=\"text-editor.default\">\n\t\t\t\t<div class=\"elementor-widget-container\">\n\t\t\t\t\t\t\t\t\t<p>Todas las intervenciones por parte de trabajo social constan de una evaluaci\u00f3n previa de la situaci\u00f3n de la persona, un seguimiento durante los tr\u00e1mites, derivaciones o prescripciones sociales, y una revisi\u00f3n final de la situaci\u00f3n una vez que la intervenci\u00f3n se considera resuelta.<\/p>\n\t\t\t\t\t\t\t\t<\/div>\n\t\t\t\t<\/div>\n\t\t\t\t\t<\/div>\n\t\t<\/div>\n\t\t\t\t\t<\/div>\n\t\t<\/section>\n\t\t\t\t<section class=\"elementor-section elementor-top-section elementor-element elementor-element-10e03d1 elementor-section-boxed elementor-section-height-default elementor-section-height-default\" data-id=\"10e03d1\" data-element_type=\"section\" data-e-type=\"section\" data-settings=\"{&quot;background_background&quot;:&quot;classic&quot;}\">\n\t\t\t\t\t\t<div class=\"elementor-container elementor-column-gap-default\">\n\t\t\t\t\t<div class=\"elementor-column elementor-col-100 elementor-top-column elementor-element elementor-element-a4ca7b7\" data-id=\"a4ca7b7\" data-element_type=\"column\" data-e-type=\"column\" data-settings=\"{&quot;background_background&quot;:&quot;classic&quot;}\">\n\t\t\t<div class=\"elementor-widget-wrap elementor-element-populated\">\n\t\t\t\t\t\t<div class=\"elementor-element elementor-element-c6b1ace elementor-widget elementor-widget-team_pro_shortcode\" data-id=\"c6b1ace\" data-element_type=\"widget\" data-e-type=\"widget\" data-widget_type=\"team_pro_shortcode.default\">\n\t\t\t\t<div class=\"elementor-widget-container\">\n\t\t\t\t\t<div class=\"sp-wp-team-pro-wrapper wp-team-pro-preloader\" >\n\n<div id=\"sptp-97657\" class=\"sp-team-pro sptp-section sptp-modal pagination_number sptp_item_same_height sptp-even\" >\n\t\t<div class=\"sp-team-pro-page-loading-image\"><\/div>\n\t<div class=\"sptp-grid\">\n\t\t<div class=\"sptp-row  \">\n\t\t\t\t\t<div class=\"sp-team-pro-item sptp-col-lg-4 sptp-col-md-3 sptp-col-sm-2 sptp-col-xs-1\"\n\t\t\t\t data-member=\"96485\">\n\t\t\t\t<div class=\"sptp-member  border-bg-around-member sptp-circle\">\n\t<a class=\"sptp-member-avatar  sptp-popup-trigger \"  href=javascript:void(0) target=_blank >\n\t<div class=\"sptp-member-avatar-img-area\" data-id=\"96485\">\n\t\t<div class=\"sptp-member-avatar-img sptp-circle sptp-icon-on-image zoom_in \">\n\t\t\t<div class=\"sptp-overflow-h\">\n\t\t\t\t\t\t\t\t\t<div class=\"sptp-icon text-center\">\n\t\t\t\t\t<i class=\"fa fa-plus\"><\/i>\t\t\t\t\t<\/div>\n\t\t\t\t\t\t\t\t<img fetchpriority=\"high\" decoding=\"async\" class=\"sptp_default_img\" srcset=\"https:\/\/aprimariavsg.com\/wp-content\/uploads\/2022\/07\/Laia-Miralles-Roca-300x300-1.jpg\" src=\"https:\/\/aprimariavsg.com\/wp-content\/uploads\/2022\/07\/Laia-Miralles-Roca-300x300-1.jpg\" alt=\"Trabajo social &#8211; es\" width=\"300\" height=\"300\">\n\t\t\t\t\t\t\t<\/div>\n\t\t<\/div>\n\t<\/div>\n<\/a>\n\t<div class=\"sptp-member-name member_name_clickable\">\n\t<h2 class=\"sptp-name\">\t\t<a href=\"#0\"> \n\t\t\tLaia Miralles Roca \n\t\t<\/a>\n\t\t<\/h2><\/div>\n<div class=\"sptp-member-profession\">\n\t\t\t<h4>Trabajo social<\/h4>\n\t<\/div>\n<div class=\"sptp-member-extra-fields\">\n\t\t\t\t\t<div class=\"sptp-member-extra-info sptp-member-extra-info-text\">\n\t\t\t\t\t\t\t<span class=\"fa fa-map-marker\"><\/span>\n\t\t\t\t\t\t    Planta 3 | Consulta 4\t\t<\/div>\n\t\t\t\t\t\t\t<div class=\"sptp-member-extra-info sptp-member-extra-info-text\">\n\t\t\t\t\t\t\t<span class=\"fa fa-calendar-o\"><\/span>\n\t\t\t\t\t\t    Lunes, martes y viernes (ma\u00f1ana)\t\t<\/div>\n\t\t\t\t\t\t\t<div class=\"sptp-member-extra-info sptp-member-extra-info-text\">\n\t\t\t\t\t\t\t<span class=\"\"><\/span>\n\t\t\t\t\t\t    Mi\u00e9rcoles y jueves (tarde)\t\t<\/div>\n\t\t\t<\/div>\n<\/div>\n\t\t\t\t<\/div>\n\t\t\t\t\t<div class=\"sp-team-pro-item sptp-col-lg-4 sptp-col-md-3 sptp-col-sm-2 sptp-col-xs-1\"\n\t\t\t\t data-member=\"96482\">\n\t\t\t\t<div class=\"sptp-member  border-bg-around-member sptp-circle\">\n\t<a class=\"sptp-member-avatar  sptp-popup-trigger \"  href=javascript:void(0) target=_blank >\n\t<div class=\"sptp-member-avatar-img-area\" data-id=\"96482\">\n\t\t<div class=\"sptp-member-avatar-img sptp-circle sptp-icon-on-image zoom_in \">\n\t\t\t<div class=\"sptp-overflow-h\">\n\t\t\t\t\t\t\t\t\t<div class=\"sptp-icon text-center\">\n\t\t\t\t\t<i class=\"fa fa-plus\"><\/i>\t\t\t\t\t<\/div>\n\t\t\t\t\t\t\t\t<img decoding=\"async\" class=\"sptp_default_img\" srcset=\"https:\/\/aprimariavsg.com\/wp-content\/uploads\/2022\/07\/Laiga-Vargas-filtre.jpeg\" src=\"https:\/\/aprimariavsg.com\/wp-content\/uploads\/2022\/07\/Laiga-Vargas-filtre.jpeg\" alt=\"Trabajo social &#8211; es\" width=\"866\" height=\"914\">\n\t\t\t\t\t\t\t<\/div>\n\t\t<\/div>\n\t<\/div>\n<\/a>\n\t<div class=\"sptp-member-name member_name_clickable\">\n\t<h2 class=\"sptp-name\">\t\t<a href=\"#0\"> \n\t\t\tLaia Vargas Esteban \n\t\t<\/a>\n\t\t<\/h2><\/div>\n<div class=\"sptp-member-profession\">\n\t\t\t<h4>Trabajo social<\/h4>\n\t<\/div>\n<div class=\"sptp-member-extra-fields\">\n\t\t\t\t\t<div class=\"sptp-member-extra-info sptp-member-extra-info-text\">\n\t\t\t\t\t\t\t<span class=\"fa fa-map-marker\"><\/span>\n\t\t\t\t\t\t    Planta 3 | Consulta 4\t\t<\/div>\n\t\t\t\t\t\t\t<div class=\"sptp-member-extra-info sptp-member-extra-info-text\">\n\t\t\t\t\t\t\t<span class=\"fa fa-calendar-o\"><\/span>\n\t\t\t\t\t\t    Lunes y martes (tarde)\t\t<\/div>\n\t\t\t\t\t\t\t<div class=\"sptp-member-extra-info sptp-member-extra-info-text\">\n\t\t\t\t\t\t\t<span class=\"\"><\/span>\n\t\t\t\t\t\t    Mi\u00e9rcoles, jueves y viernes (ma\u00f1ana)\t\t<\/div>\n\t\t\t<\/div>\n<\/div>\n\t\t\t\t<\/div>\n\t\t\t\t\t<div class=\"sp-team-pro-item sptp-col-lg-4 sptp-col-md-3 sptp-col-sm-2 sptp-col-xs-1\"\n\t\t\t\t data-member=\"104725\">\n\t\t\t\t<div class=\"sptp-member  border-bg-around-member sptp-circle\">\n\t<a class=\"sptp-member-avatar  sptp-popup-trigger \"  href=javascript:void(0) target=_blank >\n\t<div class=\"sptp-member-avatar-img-area\" data-id=\"104725\">\n\t\t<div class=\"sptp-member-avatar-img sptp-circle sptp-icon-on-image zoom_in \">\n\t\t\t<div class=\"sptp-overflow-h\">\n\t\t\t\t\t\t\t\t\t<div class=\"sptp-icon text-center\">\n\t\t\t\t\t<i class=\"fa fa-plus\"><\/i>\t\t\t\t\t<\/div>\n\t\t\t\t\t\t\t\t<img decoding=\"async\" class=\"sptp_default_img\" srcset=\"https:\/\/aprimariavsg.com\/wp-content\/uploads\/2026\/04\/Monstse-Medero.jpg\" src=\"https:\/\/aprimariavsg.com\/wp-content\/uploads\/2026\/04\/Monstse-Medero.jpg\" alt=\"Trabajo social &#8211; es\" width=\"300\" height=\"300\">\n\t\t\t\t\t\t\t<\/div>\n\t\t<\/div>\n\t<\/div>\n<\/a>\n\t<div class=\"sptp-member-name member_name_clickable\">\n\t<h2 class=\"sptp-name\">\t\t<a href=\"#0\"> \n\t\t\tMontse Medero \n\t\t<\/a>\n\t\t<\/h2><\/div>\n<\/div>\n\t\t\t\t<\/div>\n\t\t\t\t<\/div> <!-- end row -->\n\t<\/div> <!-- end grid -->\n\t\t\t<\/div>\n<\/div>\n\t\t\t\t<\/div>\n\t\t\t\t<\/div>\n\t\t\t\t\t<\/div>\n\t\t<\/div>\n\t\t\t\t\t<\/div>\n\t\t<\/section>\n\t\t\t\t<\/div>\n\t\t","protected":false},"excerpt":{"rendered":"<p>equipo humano Trabajo social El trabajo social en nuestro centro tiene la finalidad principal de abordar problem\u00e1ticas sociales que condicionan directa o indirectamente la salud del individuo y la familia, as\u00ed como ofrecer recursos orientados a mejorar la salud de la comunidad. Todas las intervenciones por parte de trabajo social constan de una evaluaci\u00f3n previa [&hellip;]<\/p>\n","protected":false},"author":1,"featured_media":0,"parent":99475,"menu_order":5,"comment_status":"closed","ping_status":"closed","template":"","meta":{"site-sidebar-layout":"no-sidebar","site-content-layout":"page-builder","ast-site-content-layout":"default","site-content-style":"default","site-sidebar-style":"default","ast-global-header-display":"","ast-banner-title-visibility":"","ast-main-header-display":"","ast-hfb-above-header-display":"","ast-hfb-below-header-display":"","ast-hfb-mobile-header-display":"","site-post-title":"disabled","ast-breadcrumbs-content":"","ast-featured-img":"disabled","footer-sml-layout":"","ast-disable-related-posts":"","theme-transparent-header-meta":"","adv-header-id-meta":"","stick-header-meta":"","header-above-stick-meta":"","header-main-stick-meta":"","header-below-stick-meta":"","astra-migrate-meta-layouts":"default","ast-page-background-enabled":"default","ast-page-background-meta":{"desktop":{"background-color":"","background-image":"","background-repeat":"repeat","background-position":"center center","background-size":"auto","background-attachment":"scroll","background-type":"","background-media":"","overlay-type":"","overlay-color":"","overlay-opacity":"","overlay-gradient":""},"tablet":{"background-color":"","background-image":"","background-repeat":"repeat","background-position":"center center","background-size":"auto","background-attachment":"scroll","background-type":"","background-media":"","overlay-type":"","overlay-color":"","overlay-opacity":"","overlay-gradient":""},"mobile":{"background-color":"","background-image":"","background-repeat":"repeat","background-position":"center center","background-size":"auto","background-attachment":"scroll","background-type":"","background-media":"","overlay-type":"","overlay-color":"","overlay-opacity":"","overlay-gradient":""}},"ast-content-background-meta":{"desktop":{"background-color":"var(--ast-global-color-5)","background-image":"","background-repeat":"repeat","background-position":"center center","background-size":"auto","background-attachment":"scroll","background-type":"","background-media":"","overlay-type":"","overlay-color":"","overlay-opacity":"","overlay-gradient":""},"tablet":{"background-color":"var(--ast-global-color-5)","background-image":"","background-repeat":"repeat","background-position":"center center","background-size":"auto","background-attachment":"scroll","background-type":"","background-media":"","overlay-type":"","overlay-color":"","overlay-opacity":"","overlay-gradient":""},"mobile":{"background-color":"var(--ast-global-color-5)","background-image":"","background-repeat":"repeat","background-position":"center center","background-size":"auto","background-attachment":"scroll","background-type":"","background-media":"","overlay-type":"","overlay-color":"","overlay-opacity":"","overlay-gradient":""}},"footnotes":""},"class_list":["post-95697","page","type-page","status-publish","hentry"],"yoast_head":"<!-- This site is optimized with the Yoast SEO plugin v27.5 - https:\/\/yoast.com\/product\/yoast-seo-wordpress\/ -->\n<title>Trabajo social - Atenci\u00f3 Prim\u00e0ria Vallcarca - Sant Gervasi<\/title>\n<meta name=\"robots\" content=\"index, follow, max-snippet:-1, max-image-preview:large, max-video-preview:-1\" \/>\n<link rel=\"canonical\" href=\"https:\/\/aprimariavsg.com\/es\/tu-cap\/equipo-humano\/trabajo-social\/\" \/>\n<meta property=\"og:locale\" content=\"es_ES\" \/>\n<meta property=\"og:type\" content=\"article\" \/>\n<meta property=\"og:title\" content=\"Trabajo social - Atenci\u00f3 Prim\u00e0ria Vallcarca - Sant Gervasi\" \/>\n<meta property=\"og:description\" content=\"equipo humano Trabajo social El trabajo social en nuestro centro tiene la finalidad principal de abordar problem\u00e1ticas sociales que condicionan directa o indirectamente la salud del individuo y la familia, as\u00ed como ofrecer recursos orientados a mejorar la salud de la comunidad. Todas las intervenciones por parte de trabajo social constan de una evaluaci\u00f3n previa [&hellip;]\" \/>\n<meta property=\"og:url\" content=\"https:\/\/aprimariavsg.com\/es\/tu-cap\/equipo-humano\/trabajo-social\/\" \/>\n<meta property=\"og:site_name\" content=\"Atenci\u00f3 Prim\u00e0ria Vallcarca - Sant Gervasi\" \/>\n<meta property=\"article:publisher\" content=\"https:\/\/www.facebook.com\/aprimariavsg\/\" \/>\n<meta property=\"article:modified_time\" content=\"2024-10-09T11:55:02+00:00\" \/>\n<meta property=\"og:image\" content=\"https:\/\/aprimariavsg.com\/wp-content\/uploads\/2022\/07\/Laia-Miralles-Roca-300x300-1.jpg\" \/>\n<meta name=\"twitter:card\" content=\"summary_large_image\" \/>\n<meta name=\"twitter:site\" content=\"@aprimariavsg\" \/>\n<meta name=\"twitter:label1\" content=\"Tiempo de lectura\" \/>\n\t<meta name=\"twitter:data1\" content=\"1 minuto\" \/>\n<script type=\"application\/ld+json\" class=\"yoast-schema-graph\">{\"@context\":\"https:\\\/\\\/schema.org\",\"@graph\":[{\"@type\":\"WebPage\",\"@id\":\"https:\\\/\\\/aprimariavsg.com\\\/es\\\/tu-cap\\\/equipo-humano\\\/trabajo-social\\\/\",\"url\":\"https:\\\/\\\/aprimariavsg.com\\\/es\\\/tu-cap\\\/equipo-humano\\\/trabajo-social\\\/\",\"name\":\"Trabajo social - Atenci\u00f3 Prim\u00e0ria Vallcarca - Sant Gervasi\",\"isPartOf\":{\"@id\":\"https:\\\/\\\/aprimariavsg.com\\\/es\\\/#website\"},\"primaryImageOfPage\":{\"@id\":\"https:\\\/\\\/aprimariavsg.com\\\/es\\\/tu-cap\\\/equipo-humano\\\/trabajo-social\\\/#primaryimage\"},\"image\":{\"@id\":\"https:\\\/\\\/aprimariavsg.com\\\/es\\\/tu-cap\\\/equipo-humano\\\/trabajo-social\\\/#primaryimage\"},\"thumbnailUrl\":\"https:\\\/\\\/aprimariavsg.com\\\/wp-content\\\/uploads\\\/2022\\\/07\\\/Laia-Miralles-Roca-300x300-1.jpg\",\"datePublished\":\"2022-07-20T09:49:27+00:00\",\"dateModified\":\"2024-10-09T11:55:02+00:00\",\"breadcrumb\":{\"@id\":\"https:\\\/\\\/aprimariavsg.com\\\/es\\\/tu-cap\\\/equipo-humano\\\/trabajo-social\\\/#breadcrumb\"},\"inLanguage\":\"es\",\"potentialAction\":[{\"@type\":\"ReadAction\",\"target\":[\"https:\\\/\\\/aprimariavsg.com\\\/es\\\/tu-cap\\\/equipo-humano\\\/trabajo-social\\\/\"]}]},{\"@type\":\"ImageObject\",\"inLanguage\":\"es\",\"@id\":\"https:\\\/\\\/aprimariavsg.com\\\/es\\\/tu-cap\\\/equipo-humano\\\/trabajo-social\\\/#primaryimage\",\"url\":\"https:\\\/\\\/aprimariavsg.com\\\/wp-content\\\/uploads\\\/2022\\\/07\\\/Laia-Miralles-Roca-300x300-1.jpg\",\"contentUrl\":\"https:\\\/\\\/aprimariavsg.com\\\/wp-content\\\/uploads\\\/2022\\\/07\\\/Laia-Miralles-Roca-300x300-1.jpg\"},{\"@type\":\"BreadcrumbList\",\"@id\":\"https:\\\/\\\/aprimariavsg.com\\\/es\\\/tu-cap\\\/equipo-humano\\\/trabajo-social\\\/#breadcrumb\",\"itemListElement\":[{\"@type\":\"ListItem\",\"position\":1,\"name\":\"Inici\",\"item\":\"https:\\\/\\\/aprimariavsg.com\\\/es\\\/\"},{\"@type\":\"ListItem\",\"position\":2,\"name\":\"Tu CAP\",\"item\":\"https:\\\/\\\/aprimariavsg.com\\\/es\\\/tu-cap\\\/\"},{\"@type\":\"ListItem\",\"position\":3,\"name\":\"Equipo humano\",\"item\":\"https:\\\/\\\/aprimariavsg.com\\\/es\\\/tu-cap\\\/equipo-humano\\\/\"},{\"@type\":\"ListItem\",\"position\":4,\"name\":\"Trabajo social\"}]},{\"@type\":\"WebSite\",\"@id\":\"https:\\\/\\\/aprimariavsg.com\\\/es\\\/#website\",\"url\":\"https:\\\/\\\/aprimariavsg.com\\\/es\\\/\",\"name\":\"Atenci\u00f3 Prim\u00e0ria Vallcarca - Sant Gervasi\",\"description\":\"Cap Atenci\u00f3 Prim\u00e0ria\",\"publisher\":{\"@id\":\"https:\\\/\\\/aprimariavsg.com\\\/es\\\/#organization\"},\"potentialAction\":[{\"@type\":\"SearchAction\",\"target\":{\"@type\":\"EntryPoint\",\"urlTemplate\":\"https:\\\/\\\/aprimariavsg.com\\\/es\\\/?s={search_term_string}\"},\"query-input\":{\"@type\":\"PropertyValueSpecification\",\"valueRequired\":true,\"valueName\":\"search_term_string\"}}],\"inLanguage\":\"es\"},{\"@type\":\"Organization\",\"@id\":\"https:\\\/\\\/aprimariavsg.com\\\/es\\\/#organization\",\"name\":\"Atenci\u00f3 Prim\u00e0ria Vallcarca - Sant Gervasi\",\"url\":\"https:\\\/\\\/aprimariavsg.com\\\/es\\\/\",\"logo\":{\"@type\":\"ImageObject\",\"inLanguage\":\"es\",\"@id\":\"https:\\\/\\\/aprimariavsg.com\\\/es\\\/#\\\/schema\\\/logo\\\/image\\\/\",\"url\":\"https:\\\/\\\/aprimariavsg.com\\\/wp-content\\\/uploads\\\/2021\\\/05\\\/APVSG_logo-horitzontal.png\",\"contentUrl\":\"https:\\\/\\\/aprimariavsg.com\\\/wp-content\\\/uploads\\\/2021\\\/05\\\/APVSG_logo-horitzontal.png\",\"width\":816,\"height\":175,\"caption\":\"Atenci\u00f3 Prim\u00e0ria Vallcarca - Sant Gervasi\"},\"image\":{\"@id\":\"https:\\\/\\\/aprimariavsg.com\\\/es\\\/#\\\/schema\\\/logo\\\/image\\\/\"},\"sameAs\":[\"https:\\\/\\\/www.facebook.com\\\/aprimariavsg\\\/\",\"https:\\\/\\\/x.com\\\/aprimariavsg\",\"https:\\\/\\\/www.youtube.com\\\/user\\\/aprimariavsg\"]}]}<\/script>\n<!-- \/ Yoast SEO plugin. -->","yoast_head_json":{"title":"Trabajo social - Atenci\u00f3 Prim\u00e0ria Vallcarca - Sant Gervasi","robots":{"index":"index","follow":"follow","max-snippet":"max-snippet:-1","max-image-preview":"max-image-preview:large","max-video-preview":"max-video-preview:-1"},"canonical":"https:\/\/aprimariavsg.com\/es\/tu-cap\/equipo-humano\/trabajo-social\/","og_locale":"es_ES","og_type":"article","og_title":"Trabajo social - Atenci\u00f3 Prim\u00e0ria Vallcarca - Sant Gervasi","og_description":"equipo humano Trabajo social El trabajo social en nuestro centro tiene la finalidad principal de abordar problem\u00e1ticas sociales que condicionan directa o indirectamente la salud del individuo y la familia, as\u00ed como ofrecer recursos orientados a mejorar la salud de la comunidad. Todas las intervenciones por parte de trabajo social constan de una evaluaci\u00f3n previa [&hellip;]","og_url":"https:\/\/aprimariavsg.com\/es\/tu-cap\/equipo-humano\/trabajo-social\/","og_site_name":"Atenci\u00f3 Prim\u00e0ria Vallcarca - Sant Gervasi","article_publisher":"https:\/\/www.facebook.com\/aprimariavsg\/","article_modified_time":"2024-10-09T11:55:02+00:00","og_image":[{"url":"https:\/\/aprimariavsg.com\/wp-content\/uploads\/2022\/07\/Laia-Miralles-Roca-300x300-1.jpg","type":"","width":"","height":""}],"twitter_card":"summary_large_image","twitter_site":"@aprimariavsg","twitter_misc":{"Tiempo de lectura":"1 minuto"},"schema":{"@context":"https:\/\/schema.org","@graph":[{"@type":"WebPage","@id":"https:\/\/aprimariavsg.com\/es\/tu-cap\/equipo-humano\/trabajo-social\/","url":"https:\/\/aprimariavsg.com\/es\/tu-cap\/equipo-humano\/trabajo-social\/","name":"Trabajo social - Atenci\u00f3 Prim\u00e0ria Vallcarca - Sant Gervasi","isPartOf":{"@id":"https:\/\/aprimariavsg.com\/es\/#website"},"primaryImageOfPage":{"@id":"https:\/\/aprimariavsg.com\/es\/tu-cap\/equipo-humano\/trabajo-social\/#primaryimage"},"image":{"@id":"https:\/\/aprimariavsg.com\/es\/tu-cap\/equipo-humano\/trabajo-social\/#primaryimage"},"thumbnailUrl":"https:\/\/aprimariavsg.com\/wp-content\/uploads\/2022\/07\/Laia-Miralles-Roca-300x300-1.jpg","datePublished":"2022-07-20T09:49:27+00:00","dateModified":"2024-10-09T11:55:02+00:00","breadcrumb":{"@id":"https:\/\/aprimariavsg.com\/es\/tu-cap\/equipo-humano\/trabajo-social\/#breadcrumb"},"inLanguage":"es","potentialAction":[{"@type":"ReadAction","target":["https:\/\/aprimariavsg.com\/es\/tu-cap\/equipo-humano\/trabajo-social\/"]}]},{"@type":"ImageObject","inLanguage":"es","@id":"https:\/\/aprimariavsg.com\/es\/tu-cap\/equipo-humano\/trabajo-social\/#primaryimage","url":"https:\/\/aprimariavsg.com\/wp-content\/uploads\/2022\/07\/Laia-Miralles-Roca-300x300-1.jpg","contentUrl":"https:\/\/aprimariavsg.com\/wp-content\/uploads\/2022\/07\/Laia-Miralles-Roca-300x300-1.jpg"},{"@type":"BreadcrumbList","@id":"https:\/\/aprimariavsg.com\/es\/tu-cap\/equipo-humano\/trabajo-social\/#breadcrumb","itemListElement":[{"@type":"ListItem","position":1,"name":"Inici","item":"https:\/\/aprimariavsg.com\/es\/"},{"@type":"ListItem","position":2,"name":"Tu CAP","item":"https:\/\/aprimariavsg.com\/es\/tu-cap\/"},{"@type":"ListItem","position":3,"name":"Equipo humano","item":"https:\/\/aprimariavsg.com\/es\/tu-cap\/equipo-humano\/"},{"@type":"ListItem","position":4,"name":"Trabajo social"}]},{"@type":"WebSite","@id":"https:\/\/aprimariavsg.com\/es\/#website","url":"https:\/\/aprimariavsg.com\/es\/","name":"Atenci\u00f3 Prim\u00e0ria Vallcarca - Sant Gervasi","description":"Cap Atenci\u00f3 Prim\u00e0ria","publisher":{"@id":"https:\/\/aprimariavsg.com\/es\/#organization"},"potentialAction":[{"@type":"SearchAction","target":{"@type":"EntryPoint","urlTemplate":"https:\/\/aprimariavsg.com\/es\/?s={search_term_string}"},"query-input":{"@type":"PropertyValueSpecification","valueRequired":true,"valueName":"search_term_string"}}],"inLanguage":"es"},{"@type":"Organization","@id":"https:\/\/aprimariavsg.com\/es\/#organization","name":"Atenci\u00f3 Prim\u00e0ria Vallcarca - Sant Gervasi","url":"https:\/\/aprimariavsg.com\/es\/","logo":{"@type":"ImageObject","inLanguage":"es","@id":"https:\/\/aprimariavsg.com\/es\/#\/schema\/logo\/image\/","url":"https:\/\/aprimariavsg.com\/wp-content\/uploads\/2021\/05\/APVSG_logo-horitzontal.png","contentUrl":"https:\/\/aprimariavsg.com\/wp-content\/uploads\/2021\/05\/APVSG_logo-horitzontal.png","width":816,"height":175,"caption":"Atenci\u00f3 Prim\u00e0ria Vallcarca - Sant Gervasi"},"image":{"@id":"https:\/\/aprimariavsg.com\/es\/#\/schema\/logo\/image\/"},"sameAs":["https:\/\/www.facebook.com\/aprimariavsg\/","https:\/\/x.com\/aprimariavsg","https:\/\/www.youtube.com\/user\/aprimariavsg"]}]}},"_links":{"self":[{"href":"https:\/\/aprimariavsg.com\/es\/wp-json\/wp\/v2\/pages\/95697","targetHints":{"allow":["GET"]}}],"collection":[{"href":"https:\/\/aprimariavsg.com\/es\/wp-json\/wp\/v2\/pages"}],"about":[{"href":"https:\/\/aprimariavsg.com\/es\/wp-json\/wp\/v2\/types\/page"}],"author":[{"embeddable":true,"href":"https:\/\/aprimariavsg.com\/es\/wp-json\/wp\/v2\/users\/1"}],"replies":[{"embeddable":true,"href":"https:\/\/aprimariavsg.com\/es\/wp-json\/wp\/v2\/comments?post=95697"}],"version-history":[{"count":6,"href":"https:\/\/aprimariavsg.com\/es\/wp-json\/wp\/v2\/pages\/95697\/revisions"}],"predecessor-version":[{"id":103135,"href":"https:\/\/aprimariavsg.com\/es\/wp-json\/wp\/v2\/pages\/95697\/revisions\/103135"}],"up":[{"embeddable":true,"href":"https:\/\/aprimariavsg.com\/es\/wp-json\/wp\/v2\/pages\/99475"}],"wp:attachment":[{"href":"https:\/\/aprimariavsg.com\/es\/wp-json\/wp\/v2\/media?parent=95697"}],"curies":[{"name":"wp","href":"https:\/\/api.w.org\/{rel}","templated":true}]}}