{"id":95690,"date":"2021-05-24T08:41:01","date_gmt":"2021-05-24T08:41:01","guid":{"rendered":"https:\/\/aprimariavsg.com\/servicios-y-equipo-humano\/"},"modified":"2022-10-20T10:41:36","modified_gmt":"2022-10-20T10:41:36","slug":"servicios-y-equipo-humano","status":"publish","type":"page","link":"https:\/\/aprimariavsg.com\/es\/tu-cap\/servicios-y-equipo-humano\/","title":{"rendered":"Servicios y equipo humano"},"content":{"rendered":"\t\t<div data-elementor-type=\"wp-page\" data-elementor-id=\"95690\" class=\"elementor elementor-95690\" data-elementor-post-type=\"page\">\n\t\t\t\t\t\t<section class=\"elementor-section elementor-top-section elementor-element elementor-element-3cdf1557 elementor-section-height-min-height elementor-section-items-bottom elementor-section-boxed elementor-section-height-default\" data-id=\"3cdf1557\" data-element_type=\"section\" data-e-type=\"section\" data-settings=\"{&quot;background_background&quot;:&quot;classic&quot;}\">\n\t\t\t\t\t\t\t<div class=\"elementor-background-overlay\"><\/div>\n\t\t\t\t\t\t\t<div class=\"elementor-container elementor-column-gap-default\">\n\t\t\t\t\t<div class=\"elementor-column elementor-col-100 elementor-top-column elementor-element elementor-element-2a6246f5\" data-id=\"2a6246f5\" data-element_type=\"column\" data-e-type=\"column\">\n\t\t\t<div class=\"elementor-widget-wrap elementor-element-populated\">\n\t\t\t\t\t\t<div class=\"elementor-element elementor-element-17d4172 elementor-widget elementor-widget-heading\" data-id=\"17d4172\" data-element_type=\"widget\" data-e-type=\"widget\" data-widget_type=\"heading.default\">\n\t\t\t\t<div class=\"elementor-widget-container\">\n\t\t\t\t\t<h2 class=\"elementor-heading-title elementor-size-default\"><span style=\"letter-spacing: 0px\">Equipo humano<\/span><\/h2>\t\t\t\t<\/div>\n\t\t\t\t<\/div>\n\t\t\t\t\t<\/div>\n\t\t<\/div>\n\t\t\t\t\t<\/div>\n\t\t<\/section>\n\t\t\t\t<section class=\"elementor-section elementor-top-section elementor-element elementor-element-867602e elementor-section-boxed elementor-section-height-default elementor-section-height-default\" data-id=\"867602e\" data-element_type=\"section\" data-e-type=\"section\">\n\t\t\t\t\t\t<div class=\"elementor-container elementor-column-gap-default\">\n\t\t\t\t\t<div class=\"elementor-column elementor-col-100 elementor-top-column elementor-element elementor-element-c31fc63\" data-id=\"c31fc63\" data-element_type=\"column\" data-e-type=\"column\">\n\t\t\t<div class=\"elementor-widget-wrap elementor-element-populated\">\n\t\t\t\t\t\t<div class=\"elementor-element elementor-element-cd0d906 elementor-widget elementor-widget-spacer\" data-id=\"cd0d906\" data-element_type=\"widget\" data-e-type=\"widget\" data-widget_type=\"spacer.default\">\n\t\t\t\t<div class=\"elementor-widget-container\">\n\t\t\t\t\t\t\t<div class=\"elementor-spacer\">\n\t\t\t<div class=\"elementor-spacer-inner\"><\/div>\n\t\t<\/div>\n\t\t\t\t\t\t<\/div>\n\t\t\t\t<\/div>\n\t\t\t\t\t<\/div>\n\t\t<\/div>\n\t\t\t\t\t<\/div>\n\t\t<\/section>\n\t\t\t\t<section class=\"elementor-section elementor-top-section elementor-element elementor-element-7e0337b elementor-section-boxed elementor-section-height-default elementor-section-height-default\" data-id=\"7e0337b\" data-element_type=\"section\" data-e-type=\"section\">\n\t\t\t\t\t\t<div class=\"elementor-container elementor-column-gap-default\">\n\t\t\t\t\t<div class=\"elementor-column elementor-col-100 elementor-top-column elementor-element elementor-element-a1b9f92\" data-id=\"a1b9f92\" data-element_type=\"column\" data-e-type=\"column\">\n\t\t\t<div class=\"elementor-widget-wrap elementor-element-populated\">\n\t\t\t\t\t\t<div class=\"elementor-element elementor-element-b5b6c55 elementor-widget elementor-widget-heading\" data-id=\"b5b6c55\" data-element_type=\"widget\" data-e-type=\"widget\" data-widget_type=\"heading.default\">\n\t\t\t\t<div class=\"elementor-widget-container\">\n\t\t\t\t\t<h4 class=\"elementor-heading-title elementor-size-default\"><b>Atenci\u00f3n Primaria Vallcarca-Sant Gervasi <\/b><\/h4>\t\t\t\t<\/div>\n\t\t\t\t<\/div>\n\t\t\t\t<div class=\"elementor-element elementor-element-af1ed0d elementor-widget elementor-widget-heading\" data-id=\"af1ed0d\" data-element_type=\"widget\" data-e-type=\"widget\" data-widget_type=\"heading.default\">\n\t\t\t\t<div class=\"elementor-widget-container\">\n\t\t\t\t\t<h2 class=\"elementor-heading-title elementor-size-default\">Equipo humano<\/h2>\t\t\t\t<\/div>\n\t\t\t\t<\/div>\n\t\t\t\t\t<\/div>\n\t\t<\/div>\n\t\t\t\t\t<\/div>\n\t\t<\/section>\n\t\t\t\t<section class=\"elementor-section elementor-top-section elementor-element elementor-element-e63b41e elementor-section-boxed elementor-section-height-default elementor-section-height-default\" data-id=\"e63b41e\" data-element_type=\"section\" data-e-type=\"section\">\n\t\t\t\t\t\t<div class=\"elementor-container elementor-column-gap-default\">\n\t\t\t\t\t<div class=\"elementor-column elementor-col-33 elementor-top-column elementor-element elementor-element-f7ad9e7\" data-id=\"f7ad9e7\" data-element_type=\"column\" data-e-type=\"column\">\n\t\t\t<div class=\"elementor-widget-wrap\">\n\t\t\t\t\t\t\t<\/div>\n\t\t<\/div>\n\t\t\t\t<div class=\"elementor-column elementor-col-33 elementor-top-column elementor-element elementor-element-292274f\" data-id=\"292274f\" data-element_type=\"column\" data-e-type=\"column\">\n\t\t\t<div class=\"elementor-widget-wrap\">\n\t\t\t\t\t\t\t<\/div>\n\t\t<\/div>\n\t\t\t\t<div class=\"elementor-column elementor-col-33 elementor-top-column elementor-element elementor-element-7a2af79\" data-id=\"7a2af79\" data-element_type=\"column\" data-e-type=\"column\">\n\t\t\t<div class=\"elementor-widget-wrap\">\n\t\t\t\t\t\t\t<\/div>\n\t\t<\/div>\n\t\t\t\t\t<\/div>\n\t\t<\/section>\n\t\t\t\t<\/div>\n\t\t","protected":false},"excerpt":{"rendered":"<p>Equipo humano Atenci\u00f3n Primaria Vallcarca-Sant Gervasi Equipo humano<\/p>\n","protected":false},"author":1,"featured_media":0,"parent":95713,"menu_order":1,"comment_status":"closed","ping_status":"closed","template":"","meta":{"site-sidebar-layout":"no-sidebar","site-content-layout":"page-builder","ast-site-content-layout":"default","site-content-style":"default","site-sidebar-style":"default","ast-global-header-display":"","ast-banner-title-visibility":"","ast-main-header-display":"","ast-hfb-above-header-display":"","ast-hfb-below-header-display":"","ast-hfb-mobile-header-display":"","site-post-title":"disabled","ast-breadcrumbs-content":"disabled","ast-featured-img":"disabled","footer-sml-layout":"","ast-disable-related-posts":"","theme-transparent-header-meta":"enabled","adv-header-id-meta":"","stick-header-meta":"","header-above-stick-meta":"","header-main-stick-meta":"","header-below-stick-meta":"","astra-migrate-meta-layouts":"default","ast-page-background-enabled":"default","ast-page-background-meta":{"desktop":{"background-color":"","background-image":"","background-repeat":"repeat","background-position":"center center","background-size":"auto","background-attachment":"scroll","background-type":"","background-media":"","overlay-type":"","overlay-color":"","overlay-opacity":"","overlay-gradient":""},"tablet":{"background-color":"","background-image":"","background-repeat":"repeat","background-position":"center center","background-size":"auto","background-attachment":"scroll","background-type":"","background-media":"","overlay-type":"","overlay-color":"","overlay-opacity":"","overlay-gradient":""},"mobile":{"background-color":"","background-image":"","background-repeat":"repeat","background-position":"center center","background-size":"auto","background-attachment":"scroll","background-type":"","background-media":"","overlay-type":"","overlay-color":"","overlay-opacity":"","overlay-gradient":""}},"ast-content-background-meta":{"desktop":{"background-color":"var(--ast-global-color-5)","background-image":"","background-repeat":"repeat","background-position":"center center","background-size":"auto","background-attachment":"scroll","background-type":"","background-media":"","overlay-type":"","overlay-color":"","overlay-opacity":"","overlay-gradient":""},"tablet":{"background-color":"var(--ast-global-color-5)","background-image":"","background-repeat":"repeat","background-position":"center center","background-size":"auto","background-attachment":"scroll","background-type":"","background-media":"","overlay-type":"","overlay-color":"","overlay-opacity":"","overlay-gradient":""},"mobile":{"background-color":"var(--ast-global-color-5)","background-image":"","background-repeat":"repeat","background-position":"center center","background-size":"auto","background-attachment":"scroll","background-type":"","background-media":"","overlay-type":"","overlay-color":"","overlay-opacity":"","overlay-gradient":""}},"footnotes":""},"class_list":["post-95690","page","type-page","status-publish","hentry"],"yoast_head":"<!-- This site is optimized with the Yoast SEO plugin v27.5 - https:\/\/yoast.com\/product\/yoast-seo-wordpress\/ -->\n<title>Servicios y equipo humano - Atenci\u00f3 Prim\u00e0ria Vallcarca - Sant Gervasi<\/title>\n<meta name=\"robots\" content=\"index, follow, max-snippet:-1, max-image-preview:large, max-video-preview:-1\" \/>\n<link rel=\"canonical\" href=\"https:\/\/aprimariavsg.com\/es\/tu-cap\/servicios-y-equipo-humano\/\" \/>\n<meta property=\"og:locale\" content=\"es_ES\" \/>\n<meta property=\"og:type\" content=\"article\" \/>\n<meta property=\"og:title\" content=\"Servicios y equipo humano - Atenci\u00f3 Prim\u00e0ria Vallcarca - Sant Gervasi\" \/>\n<meta property=\"og:description\" content=\"Equipo humano Atenci\u00f3n Primaria Vallcarca-Sant Gervasi Equipo humano\" \/>\n<meta property=\"og:url\" content=\"https:\/\/aprimariavsg.com\/es\/tu-cap\/servicios-y-equipo-humano\/\" \/>\n<meta property=\"og:site_name\" content=\"Atenci\u00f3 Prim\u00e0ria Vallcarca - Sant Gervasi\" \/>\n<meta property=\"article:publisher\" content=\"https:\/\/www.facebook.com\/aprimariavsg\/\" \/>\n<meta property=\"article:modified_time\" content=\"2022-10-20T10:41:36+00:00\" \/>\n<meta name=\"twitter:card\" content=\"summary_large_image\" \/>\n<meta name=\"twitter:site\" content=\"@aprimariavsg\" \/>\n<script type=\"application\/ld+json\" class=\"yoast-schema-graph\">{\"@context\":\"https:\\\/\\\/schema.org\",\"@graph\":[{\"@type\":\"WebPage\",\"@id\":\"https:\\\/\\\/aprimariavsg.com\\\/es\\\/tu-cap\\\/servicios-y-equipo-humano\\\/\",\"url\":\"https:\\\/\\\/aprimariavsg.com\\\/es\\\/tu-cap\\\/servicios-y-equipo-humano\\\/\",\"name\":\"Servicios y equipo humano - Atenci\u00f3 Prim\u00e0ria Vallcarca - Sant Gervasi\",\"isPartOf\":{\"@id\":\"https:\\\/\\\/aprimariavsg.com\\\/es\\\/#website\"},\"datePublished\":\"2021-05-24T08:41:01+00:00\",\"dateModified\":\"2022-10-20T10:41:36+00:00\",\"breadcrumb\":{\"@id\":\"https:\\\/\\\/aprimariavsg.com\\\/es\\\/tu-cap\\\/servicios-y-equipo-humano\\\/#breadcrumb\"},\"inLanguage\":\"es\",\"potentialAction\":[{\"@type\":\"ReadAction\",\"target\":[\"https:\\\/\\\/aprimariavsg.com\\\/es\\\/tu-cap\\\/servicios-y-equipo-humano\\\/\"]}]},{\"@type\":\"BreadcrumbList\",\"@id\":\"https:\\\/\\\/aprimariavsg.com\\\/es\\\/tu-cap\\\/servicios-y-equipo-humano\\\/#breadcrumb\",\"itemListElement\":[{\"@type\":\"ListItem\",\"position\":1,\"name\":\"Inici\",\"item\":\"https:\\\/\\\/aprimariavsg.com\\\/es\\\/\"},{\"@type\":\"ListItem\",\"position\":2,\"name\":\"Tu CAP\",\"item\":\"https:\\\/\\\/aprimariavsg.com\\\/es\\\/tu-cap\\\/\"},{\"@type\":\"ListItem\",\"position\":3,\"name\":\"Servicios y equipo humano\"}]},{\"@type\":\"WebSite\",\"@id\":\"https:\\\/\\\/aprimariavsg.com\\\/es\\\/#website\",\"url\":\"https:\\\/\\\/aprimariavsg.com\\\/es\\\/\",\"name\":\"Atenci\u00f3 Prim\u00e0ria Vallcarca - Sant Gervasi\",\"description\":\"Cap Atenci\u00f3 Prim\u00e0ria\",\"publisher\":{\"@id\":\"https:\\\/\\\/aprimariavsg.com\\\/es\\\/#organization\"},\"potentialAction\":[{\"@type\":\"SearchAction\",\"target\":{\"@type\":\"EntryPoint\",\"urlTemplate\":\"https:\\\/\\\/aprimariavsg.com\\\/es\\\/?s={search_term_string}\"},\"query-input\":{\"@type\":\"PropertyValueSpecification\",\"valueRequired\":true,\"valueName\":\"search_term_string\"}}],\"inLanguage\":\"es\"},{\"@type\":\"Organization\",\"@id\":\"https:\\\/\\\/aprimariavsg.com\\\/es\\\/#organization\",\"name\":\"Atenci\u00f3 Prim\u00e0ria Vallcarca - Sant Gervasi\",\"url\":\"https:\\\/\\\/aprimariavsg.com\\\/es\\\/\",\"logo\":{\"@type\":\"ImageObject\",\"inLanguage\":\"es\",\"@id\":\"https:\\\/\\\/aprimariavsg.com\\\/es\\\/#\\\/schema\\\/logo\\\/image\\\/\",\"url\":\"https:\\\/\\\/aprimariavsg.com\\\/wp-content\\\/uploads\\\/2021\\\/05\\\/APVSG_logo-horitzontal.png\",\"contentUrl\":\"https:\\\/\\\/aprimariavsg.com\\\/wp-content\\\/uploads\\\/2021\\\/05\\\/APVSG_logo-horitzontal.png\",\"width\":816,\"height\":175,\"caption\":\"Atenci\u00f3 Prim\u00e0ria Vallcarca - Sant Gervasi\"},\"image\":{\"@id\":\"https:\\\/\\\/aprimariavsg.com\\\/es\\\/#\\\/schema\\\/logo\\\/image\\\/\"},\"sameAs\":[\"https:\\\/\\\/www.facebook.com\\\/aprimariavsg\\\/\",\"https:\\\/\\\/x.com\\\/aprimariavsg\",\"https:\\\/\\\/www.youtube.com\\\/user\\\/aprimariavsg\"]}]}<\/script>\n<!-- \/ Yoast SEO plugin. -->","yoast_head_json":{"title":"Servicios y equipo humano - Atenci\u00f3 Prim\u00e0ria Vallcarca - Sant Gervasi","robots":{"index":"index","follow":"follow","max-snippet":"max-snippet:-1","max-image-preview":"max-image-preview:large","max-video-preview":"max-video-preview:-1"},"canonical":"https:\/\/aprimariavsg.com\/es\/tu-cap\/servicios-y-equipo-humano\/","og_locale":"es_ES","og_type":"article","og_title":"Servicios y equipo humano - Atenci\u00f3 Prim\u00e0ria Vallcarca - Sant Gervasi","og_description":"Equipo humano Atenci\u00f3n Primaria Vallcarca-Sant Gervasi Equipo humano","og_url":"https:\/\/aprimariavsg.com\/es\/tu-cap\/servicios-y-equipo-humano\/","og_site_name":"Atenci\u00f3 Prim\u00e0ria Vallcarca - Sant Gervasi","article_publisher":"https:\/\/www.facebook.com\/aprimariavsg\/","article_modified_time":"2022-10-20T10:41:36+00:00","twitter_card":"summary_large_image","twitter_site":"@aprimariavsg","schema":{"@context":"https:\/\/schema.org","@graph":[{"@type":"WebPage","@id":"https:\/\/aprimariavsg.com\/es\/tu-cap\/servicios-y-equipo-humano\/","url":"https:\/\/aprimariavsg.com\/es\/tu-cap\/servicios-y-equipo-humano\/","name":"Servicios y equipo humano - Atenci\u00f3 Prim\u00e0ria Vallcarca - Sant Gervasi","isPartOf":{"@id":"https:\/\/aprimariavsg.com\/es\/#website"},"datePublished":"2021-05-24T08:41:01+00:00","dateModified":"2022-10-20T10:41:36+00:00","breadcrumb":{"@id":"https:\/\/aprimariavsg.com\/es\/tu-cap\/servicios-y-equipo-humano\/#breadcrumb"},"inLanguage":"es","potentialAction":[{"@type":"ReadAction","target":["https:\/\/aprimariavsg.com\/es\/tu-cap\/servicios-y-equipo-humano\/"]}]},{"@type":"BreadcrumbList","@id":"https:\/\/aprimariavsg.com\/es\/tu-cap\/servicios-y-equipo-humano\/#breadcrumb","itemListElement":[{"@type":"ListItem","position":1,"name":"Inici","item":"https:\/\/aprimariavsg.com\/es\/"},{"@type":"ListItem","position":2,"name":"Tu CAP","item":"https:\/\/aprimariavsg.com\/es\/tu-cap\/"},{"@type":"ListItem","position":3,"name":"Servicios y equipo humano"}]},{"@type":"WebSite","@id":"https:\/\/aprimariavsg.com\/es\/#website","url":"https:\/\/aprimariavsg.com\/es\/","name":"Atenci\u00f3 Prim\u00e0ria Vallcarca - Sant Gervasi","description":"Cap Atenci\u00f3 Prim\u00e0ria","publisher":{"@id":"https:\/\/aprimariavsg.com\/es\/#organization"},"potentialAction":[{"@type":"SearchAction","target":{"@type":"EntryPoint","urlTemplate":"https:\/\/aprimariavsg.com\/es\/?s={search_term_string}"},"query-input":{"@type":"PropertyValueSpecification","valueRequired":true,"valueName":"search_term_string"}}],"inLanguage":"es"},{"@type":"Organization","@id":"https:\/\/aprimariavsg.com\/es\/#organization","name":"Atenci\u00f3 Prim\u00e0ria Vallcarca - Sant Gervasi","url":"https:\/\/aprimariavsg.com\/es\/","logo":{"@type":"ImageObject","inLanguage":"es","@id":"https:\/\/aprimariavsg.com\/es\/#\/schema\/logo\/image\/","url":"https:\/\/aprimariavsg.com\/wp-content\/uploads\/2021\/05\/APVSG_logo-horitzontal.png","contentUrl":"https:\/\/aprimariavsg.com\/wp-content\/uploads\/2021\/05\/APVSG_logo-horitzontal.png","width":816,"height":175,"caption":"Atenci\u00f3 Prim\u00e0ria Vallcarca - Sant Gervasi"},"image":{"@id":"https:\/\/aprimariavsg.com\/es\/#\/schema\/logo\/image\/"},"sameAs":["https:\/\/www.facebook.com\/aprimariavsg\/","https:\/\/x.com\/aprimariavsg","https:\/\/www.youtube.com\/user\/aprimariavsg"]}]}},"_links":{"self":[{"href":"https:\/\/aprimariavsg.com\/es\/wp-json\/wp\/v2\/pages\/95690","targetHints":{"allow":["GET"]}}],"collection":[{"href":"https:\/\/aprimariavsg.com\/es\/wp-json\/wp\/v2\/pages"}],"about":[{"href":"https:\/\/aprimariavsg.com\/es\/wp-json\/wp\/v2\/types\/page"}],"author":[{"embeddable":true,"href":"https:\/\/aprimariavsg.com\/es\/wp-json\/wp\/v2\/users\/1"}],"replies":[{"embeddable":true,"href":"https:\/\/aprimariavsg.com\/es\/wp-json\/wp\/v2\/comments?post=95690"}],"version-history":[{"count":0,"href":"https:\/\/aprimariavsg.com\/es\/wp-json\/wp\/v2\/pages\/95690\/revisions"}],"up":[{"embeddable":true,"href":"https:\/\/aprimariavsg.com\/es\/wp-json\/wp\/v2\/pages\/95713"}],"wp:attachment":[{"href":"https:\/\/aprimariavsg.com\/es\/wp-json\/wp\/v2\/media?parent=95690"}],"curies":[{"name":"wp","href":"https:\/\/api.w.org\/{rel}","templated":true}]}}